{"id":12159,"date":"2017-05-09T13:06:07","date_gmt":"2017-05-09T11:06:07","guid":{"rendered":"https:\/\/dehoevens.nl\/vakantiehuis\/reserveringsformulier\/"},"modified":"2025-12-03T15:22:19","modified_gmt":"2025-12-03T13:22:19","slug":"buchung","status":"publish","type":"page","link":"https:\/\/dehoevens.nl\/de\/ferienwohnung\/buchung\/","title":{"rendered":"Buchung"},"content":{"rendered":"<p>M\u00f6chtest du eine Reservierung vornehmen? F\u00fclle bitte das untenstehende Reservierungsformular so vollst\u00e4ndig wie m\u00f6glich aus. Wir setzen uns so schnell wie m\u00f6glich mit dir in Verbindung, um die Reservierung zu best\u00e4tigen.<\/p>\n<h2>Reservieren<\/h2>\n\n<div class=\"wpcf7 no-js\" id=\"wpcf7-f494-o1\" lang=\"nl-NL\" dir=\"ltr\" data-wpcf7-id=\"494\">\n<div class=\"screen-reader-response\"><p role=\"status\" aria-live=\"polite\" aria-atomic=\"true\"><\/p> <ul><\/ul><\/div>\n<form action=\"\/de\/wp-json\/wp\/v2\/pages\/12159#wpcf7-f494-o1\" method=\"post\" class=\"wpcf7-form init 497a8c75ead3 cmatic-disconn cmatic-aud-2 cmatic-mapd0-0 cmatic-v097802 cmatic-sent-0 cmatic-total-25\" aria-label=\"Contactformulier\" novalidate=\"novalidate\" data-status=\"init\">\n<fieldset class=\"hidden-fields-container\"><input type=\"hidden\" name=\"_wpcf7\" value=\"494\" \/><input type=\"hidden\" name=\"_wpcf7_version\" value=\"6.1.5\" \/><input type=\"hidden\" name=\"_wpcf7_locale\" value=\"nl_NL\" \/><input type=\"hidden\" name=\"_wpcf7_unit_tag\" value=\"wpcf7-f494-o1\" \/><input type=\"hidden\" name=\"_wpcf7_container_post\" value=\"0\" \/><input type=\"hidden\" name=\"_wpcf7_posted_data_hash\" value=\"\" \/><input type=\"hidden\" name=\"_wpcf7_recaptcha_response\" value=\"\" \/>\n<\/fieldset>\n<p>Aanhef*:<br \/>\n<span class=\"wpcf7-form-control-wrap\" data-name=\"aanhef\"><select class=\"wpcf7-form-control wpcf7-select wpcf7-validates-as-required\" aria-required=\"true\" aria-invalid=\"false\" name=\"aanhef\"><option value=\"\">&#8212;Kies een optie&#8212;<\/option><option value=\"Dhr\">Dhr<\/option><option value=\"Mevr\">Mevr<\/option><\/select><\/span><br \/>\nNaam*:<br \/>\n<span class=\"wpcf7-form-control-wrap\" data-name=\"naam\"><input size=\"40\" maxlength=\"400\" class=\"wpcf7-form-control wpcf7-text wpcf7-validates-as-required\" aria-required=\"true\" aria-invalid=\"false\" value=\"\" type=\"text\" name=\"naam\" \/><\/span><br \/>\nAdres*:<br \/>\n<span class=\"wpcf7-form-control-wrap\" data-name=\"adres\"><input size=\"40\" maxlength=\"400\" class=\"wpcf7-form-control wpcf7-text wpcf7-validates-as-required\" aria-required=\"true\" aria-invalid=\"false\" value=\"\" type=\"text\" name=\"adres\" \/><\/span><br \/>\nPostcode*:<br \/>\n<span class=\"wpcf7-form-control-wrap\" data-name=\"postcode\"><input size=\"40\" maxlength=\"400\" class=\"wpcf7-form-control wpcf7-text wpcf7-validates-as-required\" aria-required=\"true\" aria-invalid=\"false\" value=\"\" type=\"text\" name=\"postcode\" \/><\/span><br \/>\nWoonplaats*:<br \/>\n<span class=\"wpcf7-form-control-wrap\" data-name=\"woonplaats\"><input size=\"40\" maxlength=\"400\" class=\"wpcf7-form-control wpcf7-text wpcf7-validates-as-required\" aria-required=\"true\" aria-invalid=\"false\" value=\"\" type=\"text\" name=\"woonplaats\" \/><\/span><br \/>\nTelefoon*:<br \/>\n<span class=\"wpcf7-form-control-wrap\" data-name=\"tel-560\"><input size=\"40\" maxlength=\"400\" class=\"wpcf7-form-control wpcf7-text wpcf7-validates-as-required\" aria-required=\"true\" aria-invalid=\"false\" value=\"\" type=\"text\" name=\"tel-560\" \/><\/span><br \/>\nE-mail*:<br \/>\n<span class=\"wpcf7-form-control-wrap\" data-name=\"email\"><input size=\"40\" maxlength=\"400\" class=\"wpcf7-form-control wpcf7-email wpcf7-validates-as-required wpcf7-text wpcf7-validates-as-email\" aria-required=\"true\" aria-invalid=\"false\" value=\"\" type=\"email\" name=\"email\" \/><\/span>\n<\/p>\n<p>Aankomstdatum*:<br \/>\n<span class=\"wpcf7-form-control-wrap\" data-name=\"aankomstdate\"><input size=\"40\" maxlength=\"400\" class=\"wpcf7-form-control wpcf7-text wpcf7-validates-as-required\" aria-required=\"true\" aria-invalid=\"false\" value=\"\" type=\"text\" name=\"aankomstdate\" \/><\/span> (dd-mm-jjjj)<br \/>\nVertrekdatum*:<br \/>\n<span class=\"wpcf7-form-control-wrap\" data-name=\"vertrekdate\"><input size=\"40\" maxlength=\"400\" class=\"wpcf7-form-control wpcf7-text wpcf7-validates-as-required\" aria-required=\"true\" aria-invalid=\"false\" value=\"\" type=\"text\" name=\"vertrekdate\" \/><\/span> (dd-mm-jjjj)\n<\/p>\n<p><i>Check-in mogelijk vanaf 16:00, check-out voor 10:00.<\/i>\n<\/p>\n<p>Aantal gasten:<br \/>\n<span class=\"wpcf7-form-control-wrap\" data-name=\"number-gasten\"><input class=\"wpcf7-form-control wpcf7-number wpcf7-validates-as-number\" aria-invalid=\"false\" value=\"\" type=\"number\" name=\"number-gasten\" \/><\/span>\n<\/p>\n<p>Groep:\n<\/p>\n<p><span class=\"wpcf7-form-control-wrap\" data-name=\"menu-groep\"><select class=\"wpcf7-form-control wpcf7-select\" aria-invalid=\"false\" name=\"menu-groep\"><option value=\"\">&#8212;Kies een optie&#8212;<\/option><option value=\"Familie\">Familie<\/option><option value=\"Vrienden\">Vrienden<\/option><option value=\"Anders\">Anders<\/option><\/select><\/span>\n<\/p>\n<p>Ik wil graag reserveren:\n<\/p>\n<p><span class=\"wpcf7-form-control-wrap\" data-name=\"checkbox-reserveren\"><span class=\"wpcf7-form-control wpcf7-checkbox\"><span class=\"wpcf7-list-item first last\"><input type=\"checkbox\" name=\"checkbox-reserveren[]\" value=\"vakantiehuis tot 20 personen\" \/><span class=\"wpcf7-list-item-label\">vakantiehuis tot 20 personen<\/span><\/span><\/span><\/span>\n<\/p>\n<p>Ik wil graag gebruik maken van (meerdere keuzes mogelijk):\n<\/p>\n<p><span class=\"wpcf7-form-control-wrap\" data-name=\"checkbox-opties\"><span class=\"wpcf7-form-control wpcf7-checkbox\"><span class=\"wpcf7-list-item first\"><input type=\"checkbox\" name=\"checkbox-opties[]\" value=\"Fietsverhuur\" \/><span class=\"wpcf7-list-item-label\">Fietsverhuur<\/span><\/span><span class=\"wpcf7-list-item\"><input type=\"checkbox\" name=\"checkbox-opties[]\" value=\"Catering\" \/><span class=\"wpcf7-list-item-label\">Catering<\/span><\/span><span class=\"wpcf7-list-item last\"><input type=\"checkbox\" name=\"checkbox-opties[]\" value=\"Workshop\/teambuilding\" \/><span class=\"wpcf7-list-item-label\">Workshop\/teambuilding<\/span><\/span><\/span><\/span>\n<\/p>\n<p>Ik wil graag de nieuwsbrief ontvangen:\n<\/p>\n<p><span class=\"wpcf7-form-control-wrap\" data-name=\"radio-nieuwsberief\"><span class=\"wpcf7-form-control wpcf7-radio\"><span class=\"wpcf7-list-item first\"><input type=\"radio\" name=\"radio-nieuwsberief\" value=\"Ja\" checked=\"checked\" \/><span class=\"wpcf7-list-item-label\">Ja<\/span><\/span><span class=\"wpcf7-list-item last\"><input type=\"radio\" name=\"radio-nieuwsberief\" value=\"Nee\" \/><span class=\"wpcf7-list-item-label\">Nee<\/span><\/span><\/span><\/span>\n<\/p>\n<p>Bijzonderheden:\n<\/p>\n<p><span class=\"wpcf7-form-control-wrap\" data-name=\"bijzonderheden\"><textarea cols=\"40\" rows=\"10\" maxlength=\"2000\" class=\"wpcf7-form-control wpcf7-textarea\" aria-invalid=\"false\" name=\"bijzonderheden\"><\/textarea><\/span>\n<\/p>\n<p><br \/>\n<input class=\"wpcf7-form-control wpcf7-submit has-spinner\" type=\"submit\" value=\"Verzenden\" \/>\n<\/p>\n<p>Controleer voordat u op verzenden klikt of u alle verplichte velden* hebt ingevuld\n<\/p><div class=\"wpcf7-response-output\" aria-hidden=\"true\"><\/div>\n<\/form>\n<\/div>\n\n","protected":false},"excerpt":{"rendered":"<p>M\u00f6chtest du eine Reservierung vornehmen? F\u00fclle bitte das untenstehende Reservierungsformular so vollst\u00e4ndig wie m\u00f6glich aus. Wir setzen uns so schnell wie m\u00f6glich mit dir in Verbindung, um die Reservierung zu best\u00e4tigen. Reservieren<\/p>\n","protected":false},"author":1,"featured_media":0,"parent":12148,"menu_order":0,"comment_status":"closed","ping_status":"closed","template":"page-templates\/greencolor.php","meta":{"_acf_changed":false,"footnotes":""},"class_list":["post-12159","page","type-page","status-publish","hentry"],"acf":[],"_links":{"self":[{"href":"https:\/\/dehoevens.nl\/de\/wp-json\/wp\/v2\/pages\/12159","targetHints":{"allow":["GET"]}}],"collection":[{"href":"https:\/\/dehoevens.nl\/de\/wp-json\/wp\/v2\/pages"}],"about":[{"href":"https:\/\/dehoevens.nl\/de\/wp-json\/wp\/v2\/types\/page"}],"author":[{"embeddable":true,"href":"https:\/\/dehoevens.nl\/de\/wp-json\/wp\/v2\/users\/1"}],"replies":[{"embeddable":true,"href":"https:\/\/dehoevens.nl\/de\/wp-json\/wp\/v2\/comments?post=12159"}],"version-history":[{"count":4,"href":"https:\/\/dehoevens.nl\/de\/wp-json\/wp\/v2\/pages\/12159\/revisions"}],"predecessor-version":[{"id":12315,"href":"https:\/\/dehoevens.nl\/de\/wp-json\/wp\/v2\/pages\/12159\/revisions\/12315"}],"up":[{"embeddable":true,"href":"https:\/\/dehoevens.nl\/de\/wp-json\/wp\/v2\/pages\/12148"}],"wp:attachment":[{"href":"https:\/\/dehoevens.nl\/de\/wp-json\/wp\/v2\/media?parent=12159"}],"curies":[{"name":"wp","href":"https:\/\/api.w.org\/{rel}","templated":true}]}}