{"id":12155,"date":"2017-05-09T12:57:24","date_gmt":"2017-05-09T10:57:24","guid":{"rendered":"https:\/\/dehoevens.nl\/vakantiehuis\/faciliteiten\/"},"modified":"2025-12-03T15:16:36","modified_gmt":"2025-12-03T13:16:36","slug":"ausstattung","status":"publish","type":"page","link":"https:\/\/dehoevens.nl\/de\/ferienwohnung\/ausstattung\/","title":{"rendered":"Ausstattung"},"content":{"rendered":"<p>Ferienwohnung &#8218;De Vlaamse Schuur\u2018 verf\u00fcgt \u00fcber folgende Einrichtungen:<\/p>\n<ul>\n<li><img loading=\"lazy\" decoding=\"async\" class=\"alignright wp-image-781 size-medium\" src=\"https:\/\/dehoevens.nl\/wp-content\/uploads\/2017\/04\/0027-De-Hoevens-2016-300x200.jpg\" alt=\"\" width=\"300\" height=\"200\" \/>2 gro\u00dfe, komplett ausgestattete K\u00fcchen<\/li>\n<li>Geschirr, Besteck und Kochutensilien<\/li>\n<li>K\u00fcchenw\u00e4sche und Sp\u00fclmaschinentabs<\/li>\n<li>Handt\u00fccher (2 pro Person), Bettw\u00e4sche und Pflegeprodukte<\/li>\n<li>Sauna mit Dusche<\/li>\n<li>Kostenloses WLAN-Internet (Glasfaseranschluss)<\/li>\n<li>8 Schlafzimmer (max. 20 Personen)<\/li>\n<li>Sitzecke mit Gaskamin und Fernseher<\/li>\n<li>Musikanlage<\/li>\n<li>B\u00fccher, Zeitschriften, Spiele<\/li>\n<li>Touristische Informationen<\/li>\n<li>Garten mit Lounge-Terrasse, Spielwiese, Boule-Bahn und Tischtennisplatte<\/li>\n<li>Eigener Parkplatz mit Ladestation f\u00fcr Elektroautos<\/li>\n<\/ul>\n<h4><img loading=\"lazy\" decoding=\"async\" class=\"alignright wp-image-778 size-medium\" src=\"https:\/\/dehoevens.nl\/wp-content\/uploads\/2017\/04\/0059-De-Hoevens-2016-300x200.jpg\" alt=\"\" width=\"300\" height=\"200\" \/><\/h4>\n<p><strong>Aufteilung und Grundriss<br \/>\n<\/strong><a href=\"https:\/\/dehoevens.nl\/wp-content\/uploads\/2023\/05\/Indeling-begane-grond-\u2013-De-Vlaamse-Schuur.pdf\" target=\"_blank\" rel=\"noopener\">Indeling begane grond<\/a><br \/>\n<a href=\"https:\/\/dehoevens.nl\/wp-content\/uploads\/2017\/04\/Indeling-1e-verdieping-\u2013-De-Vlaamse-Schuur.pdf\" target=\"_blank\" rel=\"noopener\">Indeling 1e verdieping<\/a><\/p>\n<p><strong>Gut gef\u00fcllter K\u00fchlschrank<\/strong><br \/>\nW\u00e4hrend eines Aufenthalts in der &#8218;Vlaamse Schuur&#8216; k\u00f6nnen gegen Geb\u00fchr Kaffee- und Teestationen (u.\u202fa. Jura-Kaffee) genutzt werden. Auf Wunsch stellen wir auch einen gut gef\u00fcllten K\u00fchlschrank mit regionalen Getr\u00e4nken bereit, darunter das Roggenbier St. Jan, das auf dem Landgut De Hoevens gebraut wird, Softdrinks und verschiedene biologische Fruchts\u00e4fte.<\/p>\n<p><strong>Catering<\/strong><br \/>\nKeine Lust, w\u00e4hrend deines Urlaubs selbst zu kochen? Oder m\u00f6chtest du etwas Besonderes feiern? Wir \u00fcbernehmen gerne die Organisation der Mahlzeiten f\u00fcr dich und arbeiten daf\u00fcr mit <strong>\u201eBij Wijze van Spijzen\u201c<\/strong> zusammen.<\/p>\n","protected":false},"excerpt":{"rendered":"<p>Ferienwohnung &#8218;De Vlaamse Schuur\u2018 verf\u00fcgt \u00fcber folgende Einrichtungen: 2 gro\u00dfe, komplett ausgestattete K\u00fcchen Geschirr, Besteck und Kochutensilien K\u00fcchenw\u00e4sche und Sp\u00fclmaschinentabs Handt\u00fccher (2 pro Person), Bettw\u00e4sche und Pflegeprodukte Sauna mit Dusche Kostenloses WLAN-Internet (Glasfaseranschluss) 8 Schlafzimmer (max. 20 Personen) Sitzecke mit Gaskamin und Fernseher Musikanlage B\u00fccher, Zeitschriften, Spiele Touristische Informationen Garten mit Lounge-Terrasse, Spielwiese, Boule-Bahn und &hellip; <\/p>\n<p class=\"link-more\"><a href=\"https:\/\/dehoevens.nl\/de\/ferienwohnung\/ausstattung\/\" class=\"more-link\"><span class=\"screen-reader-text\">&#8222;Ausstattung&#8220;<\/span> weiterlesen<\/a><\/p>\n","protected":false},"author":1,"featured_media":0,"parent":12148,"menu_order":0,"comment_status":"closed","ping_status":"closed","template":"page-templates\/greencolor.php","meta":{"_acf_changed":false,"footnotes":""},"class_list":["post-12155","page","type-page","status-publish","hentry"],"acf":[],"_links":{"self":[{"href":"https:\/\/dehoevens.nl\/de\/wp-json\/wp\/v2\/pages\/12155","targetHints":{"allow":["GET"]}}],"collection":[{"href":"https:\/\/dehoevens.nl\/de\/wp-json\/wp\/v2\/pages"}],"about":[{"href":"https:\/\/dehoevens.nl\/de\/wp-json\/wp\/v2\/types\/page"}],"author":[{"embeddable":true,"href":"https:\/\/dehoevens.nl\/de\/wp-json\/wp\/v2\/users\/1"}],"replies":[{"embeddable":true,"href":"https:\/\/dehoevens.nl\/de\/wp-json\/wp\/v2\/comments?post=12155"}],"version-history":[{"count":6,"href":"https:\/\/dehoevens.nl\/de\/wp-json\/wp\/v2\/pages\/12155\/revisions"}],"predecessor-version":[{"id":12301,"href":"https:\/\/dehoevens.nl\/de\/wp-json\/wp\/v2\/pages\/12155\/revisions\/12301"}],"up":[{"embeddable":true,"href":"https:\/\/dehoevens.nl\/de\/wp-json\/wp\/v2\/pages\/12148"}],"wp:attachment":[{"href":"https:\/\/dehoevens.nl\/de\/wp-json\/wp\/v2\/media?parent=12155"}],"curies":[{"name":"wp","href":"https:\/\/api.w.org\/{rel}","templated":true}]}}