{"id":12150,"date":"2017-05-09T13:05:32","date_gmt":"2017-05-09T11:05:32","guid":{"rendered":"https:\/\/dehoevens.nl\/vakantiehuis\/activiteiten\/"},"modified":"2025-12-03T15:20:39","modified_gmt":"2025-12-03T13:20:39","slug":"freizeit","status":"publish","type":"page","link":"https:\/\/dehoevens.nl\/de\/ferienwohnung\/freizeit\/","title":{"rendered":"Freizeit"},"content":{"rendered":"<p><strong><img loading=\"lazy\" decoding=\"async\" class=\"alignright wp-image-3548 size-medium\" src=\"https:\/\/dehoevens.nl\/wp-content\/uploads\/2020\/01\/nederland-wandelen-actief-herfst-bos-natuur-07-1-300x225.jpg\" alt=\"\" width=\"300\" height=\"225\" srcset=\"https:\/\/dehoevens.nl\/wp-content\/uploads\/2020\/01\/nederland-wandelen-actief-herfst-bos-natuur-07-1-300x225.jpg 300w, https:\/\/dehoevens.nl\/wp-content\/uploads\/2020\/01\/nederland-wandelen-actief-herfst-bos-natuur-07-1-768x576.jpg 768w, https:\/\/dehoevens.nl\/wp-content\/uploads\/2020\/01\/nederland-wandelen-actief-herfst-bos-natuur-07-1.jpg 800w\" sizes=\"auto, (max-width: 300px) 100vw, 300px\" \/><\/strong><strong>Nat\u00fcrlicher Bade- und Angelteich<br \/>\n<\/strong>Lust auf einen erfrischenden Sprung ins Wasser? Versteckt am Waldrand, ganz in der N\u00e4he des Naturcampingplatzes, liegt ein nat\u00fcrlicher Bade- und Angelteich mit Strandbereich und Wasserpumpe. Hier k\u00f6nnen Kinder unter Aufsicht der Eltern nach Herzenslust mit Sand und Wasser matschen.<\/p>\n<p><strong>Wandern<\/strong><br \/>\nDie wundersch\u00f6ne Natur und die\u00a0paradiesische Ruhe\u00a0auf dem Landgut laden zu ausgiebigen Spazierg\u00e4ngen ein. Es gibt ein\u00a0umfassendes Netz an Wanderwegen, das dich nicht nur \u00fcber das Landgut, sondern auch in die\u00a0umliegenden Naturschutzgebiete\u00a0f\u00fchrt.\u00a0<a href=\"https:\/\/chatgpt.com\/#\">Hier findest du Inspiration<\/a>. M\u00f6chtest du deine Route selbst planen? Das geht \u00fcber <a href=\"https:\/\/www.routesinbrabant.nl\/\" target=\"_blank\" rel=\"noopener\">RoutesinBrabant.nl.<\/a><\/p>\n<p><strong>Radfahren<\/strong><br \/>\nIn der Umgebung von De Hoevens l\u00e4sst es sich wunderbar Rad fahren. Ganz unbemerkt \u00fcberquerst du manchmal sogar die Grenze nach Belgien, denn Belgien liegt ganz in der N\u00e4he! Der bekannte Fahrradweg \u201e\u2019t Bels Lijntje\u201c, der von Tilburg \u00fcber das Enklavendorf Baarle-Nassau-Hertog nach Turnhout (B) f\u00fchrt, ist nur 2 Minuten mit dem Fahrrad entfernt. Auch die einzigartige FietsAllee durch die Alphense und Chaamse W\u00e4lder liegt ganz in der N\u00e4he.<\/p>\n<p><strong data-start=\"37\" data-end=\"49\">Wellness<\/strong><br data-start=\"49\" data-end=\"52\" \/>20 Minuten mit dem Auto entfernt liegt Thermen Goirle, ein mittelgro\u00dfes Wellnesszentrum mit verschiedenen Saunen, B\u00e4dern, einem Hamam, Garten mit Liegewiese und Restaurant. Hier kannst du einen halben oder ganzen Tag oder einen Abend der Entspannung genie\u00dfen. Es gibt auch verschiedene Arrangements, die gebucht werden k\u00f6nnen.<\/p>\n<p><strong><img loading=\"lazy\" decoding=\"async\" class=\"alignright wp-image-3552 size-medium\" src=\"https:\/\/dehoevens.nl\/wp-content\/uploads\/2020\/01\/klimbos-300x199.jpg\" alt=\"\" width=\"300\" height=\"199\" srcset=\"https:\/\/dehoevens.nl\/wp-content\/uploads\/2020\/01\/klimbos-300x199.jpg 300w, https:\/\/dehoevens.nl\/wp-content\/uploads\/2020\/01\/klimbos.jpg 660w\" sizes=\"auto, (max-width: 300px) 100vw, 300px\" \/>Gruppenaktivit\u00e4ten<\/strong><br \/>\nBesonders f\u00fcr Familien- und Freundesgruppen bietet De Hoevens ein abwechslungsreiches Programm an Gruppenaktivit\u00e4ten an. Zum Beispiel eine Naturwanderung unter Anleitung eines Guides, Yogastunden oder einen Malkurs in der Natur. Erkundige dich beim Verwalter nach den M\u00f6glichkeiten.<strong><br \/>\n<\/strong><\/p>\n<p><strong>St\u00e4dte &amp; Freizeitparks<\/strong><br \/>\nDas Landgut De Hoevens liegt nur 25 Autominuten von St\u00e4dten wie Breda, Tilburg und Turnhout entfernt. Dort kannst du einkaufen, Museen besuchen oder ein Caf\u00e9 auf der Terrasse genie\u00dfen. Auch der Freizeitpark \u201eDe Efteling\u201c sowie der Safari- und Freizeitpark \u201eDe Beekse Bergen\u201c sind ganz in der N\u00e4he.<br \/>\nF\u00fcr weitere Ausflugstipps in der Umgebung sieh hier nach:<br \/>\n<a href=\"https:\/\/grenslanddebaronie.nl\/\" target=\"_blank\" rel=\"noopener\">www.grenslanddebaronie.nl<\/a><br \/>\n<a href=\"http:\/\/www.vvvtilburg.nl\/\">www.vvvtilburg.nl<\/a><br \/>\n<a href=\"http:\/\/www.toerismebaarle.com\/\" target=\"_blank\" rel=\"noopener\">www.toerismebaarle.com<\/a><br \/>\n<a href=\"http:\/\/www.visitbrabant.nl\/\" target=\"_blank\" rel=\"noopener\">www.visitbrabant.nl<\/a><\/p>\n<p>&nbsp;<\/p>\n","protected":false},"excerpt":{"rendered":"<p>Nat\u00fcrlicher Bade- und Angelteich Lust auf einen erfrischenden Sprung ins Wasser? Versteckt am Waldrand, ganz in der N\u00e4he des Naturcampingplatzes, liegt ein nat\u00fcrlicher Bade- und Angelteich mit Strandbereich und Wasserpumpe. Hier k\u00f6nnen Kinder unter Aufsicht der Eltern nach Herzenslust mit Sand und Wasser matschen. Wandern Die wundersch\u00f6ne Natur und die\u00a0paradiesische Ruhe\u00a0auf dem Landgut laden zu &hellip; <\/p>\n<p class=\"link-more\"><a href=\"https:\/\/dehoevens.nl\/de\/ferienwohnung\/freizeit\/\" class=\"more-link\"><span class=\"screen-reader-text\">&#8222;Freizeit&#8220;<\/span> weiterlesen<\/a><\/p>\n","protected":false},"author":1,"featured_media":0,"parent":12148,"menu_order":0,"comment_status":"closed","ping_status":"closed","template":"page-templates\/greencolor.php","meta":{"_acf_changed":false,"footnotes":""},"class_list":["post-12150","page","type-page","status-publish","hentry"],"acf":[],"_links":{"self":[{"href":"https:\/\/dehoevens.nl\/de\/wp-json\/wp\/v2\/pages\/12150","targetHints":{"allow":["GET"]}}],"collection":[{"href":"https:\/\/dehoevens.nl\/de\/wp-json\/wp\/v2\/pages"}],"about":[{"href":"https:\/\/dehoevens.nl\/de\/wp-json\/wp\/v2\/types\/page"}],"author":[{"embeddable":true,"href":"https:\/\/dehoevens.nl\/de\/wp-json\/wp\/v2\/users\/1"}],"replies":[{"embeddable":true,"href":"https:\/\/dehoevens.nl\/de\/wp-json\/wp\/v2\/comments?post=12150"}],"version-history":[{"count":5,"href":"https:\/\/dehoevens.nl\/de\/wp-json\/wp\/v2\/pages\/12150\/revisions"}],"predecessor-version":[{"id":12311,"href":"https:\/\/dehoevens.nl\/de\/wp-json\/wp\/v2\/pages\/12150\/revisions\/12311"}],"up":[{"embeddable":true,"href":"https:\/\/dehoevens.nl\/de\/wp-json\/wp\/v2\/pages\/12148"}],"wp:attachment":[{"href":"https:\/\/dehoevens.nl\/de\/wp-json\/wp\/v2\/media?parent=12150"}],"curies":[{"name":"wp","href":"https:\/\/api.w.org\/{rel}","templated":true}]}}