{"id":12148,"date":"2017-04-18T07:19:24","date_gmt":"2017-04-18T05:19:24","guid":{"rendered":"https:\/\/dehoevens.nl\/vakantiehuis\/"},"modified":"2025-12-03T15:15:23","modified_gmt":"2025-12-03T13:15:23","slug":"ferienwohnung","status":"publish","type":"page","link":"https:\/\/dehoevens.nl\/de\/ferienwohnung\/","title":{"rendered":"Ferienwohnung"},"content":{"rendered":"<p><img loading=\"lazy\" decoding=\"async\" class=\"alignright wp-image-776 size-medium\" src=\"https:\/\/dehoevens.nl\/wp-content\/uploads\/2017\/04\/0067-De-Hoevens-2016-300x200.jpg\" alt=\"\" width=\"300\" height=\"200\" srcset=\"https:\/\/dehoevens.nl\/wp-content\/uploads\/2017\/04\/0067-De-Hoevens-2016-300x200.jpg 300w, https:\/\/dehoevens.nl\/wp-content\/uploads\/2017\/04\/0067-De-Hoevens-2016-768x512.jpg 768w, https:\/\/dehoevens.nl\/wp-content\/uploads\/2017\/04\/0067-De-Hoevens-2016-1024x683.jpg 1024w, https:\/\/dehoevens.nl\/wp-content\/uploads\/2017\/04\/0067-De-Hoevens-2016.jpg 2048w\" sizes=\"auto, (max-width: 300px) 100vw, 300px\" \/><\/p>\n<p data-start=\"45\" data-end=\"545\"><strong data-start=\"45\" data-end=\"100\">Ferienwohnung f\u00fcr Familien- und Freundesgruppen<\/strong><br data-start=\"100\" data-end=\"103\" \/>Unter dem Dach einer denkmalgesch\u00fctzten fl\u00e4mischen Scheune befindet sich ein stilvolles und luxuri\u00f6ses Ferienhaus inmitten der Natur. Hier kannst du gemeinsam mit Familie und Freunden die wundersch\u00f6ne Umgebung des jahrhundertealten Landguts De Hoevens <strong data-start=\"355\" data-end=\"362\">und<\/strong> die Gesellschaft der anderen genie\u00dfen. Wandern, Radfahren, Spiele am Kamin spielen oder im Badeteich schwimmen \u2013 ein Aufenthalt auf De Hoevens sorgt f\u00fcr ein unvergessliches Erlebnis!<\/p>\n<p data-start=\"547\" data-end=\"687\">Das Ferienhaus <strong data-start=\"562\" data-end=\"585\">\u201eDe Vlaamse Schuur\u201c<\/strong> bietet 8 Schlafzimmer f\u00fcr maximal 20 Personen (16 Erwachsene und 4 Kinder). Hunde sind nicht erlaubt.<\/p>\n<p><strong>Aufteilung und Grundriss<br \/>\n<\/strong><a href=\"https:\/\/dehoevens.nl\/wp-content\/uploads\/2017\/04\/Indeling-begane-grond-\u2013-De-Vlaamse-Schuur.pdf\" target=\"_blank\" rel=\"noopener\">Indeling begane grond<\/a><br \/>\n<a href=\"https:\/\/dehoevens.nl\/wp-content\/uploads\/2017\/04\/Indeling-1e-verdieping-\u2013-De-Vlaamse-Schuur.pdf\" target=\"_blank\" rel=\"noopener\">Indeling 1e verdieping<\/a><\/p>\n<p><strong data-wp-editing=\"1\"><img loading=\"lazy\" decoding=\"async\" class=\"alignright wp-image-799 size-medium\" src=\"https:\/\/dehoevens.nl\/wp-content\/uploads\/2017\/04\/hoevens2-009-e1658404744286-300x283.jpg\" alt=\"\" width=\"300\" height=\"283\" srcset=\"https:\/\/dehoevens.nl\/wp-content\/uploads\/2017\/04\/hoevens2-009-e1658404744286-300x283.jpg 300w, https:\/\/dehoevens.nl\/wp-content\/uploads\/2017\/04\/hoevens2-009-e1658404744286.jpg 309w\" sizes=\"auto, (max-width: 300px) 100vw, 300px\" \/>F\u00fcr wen ist unser Ferienhaus geeignet?<br data-start=\"79\" data-end=\"82\" \/><\/strong>\u2013 F\u00fcr Familien oder Freundesgruppen (mit Kindern)<br data-start=\"173\" data-end=\"176\" data-is-only-node=\"\" \/>\u2013 F\u00fcr Ruhesuchende<br data-start=\"194\" data-end=\"197\" \/>\u2013 F\u00fcr Wanderer und Radfahrer<strong data-wp-editing=\"1\"><br \/>\n<\/strong><\/p>\n<p><strong>Gruppen, die nach einer Partylocation suchen, sollten sich lieber f\u00fcr ein anderes Ferienhaus entscheiden.<\/strong><\/p>\n<div style=\"background-color: #ffcc72; color: #000; padding: 20px;\">\n<p data-start=\"37\" data-end=\"378\">Wenn du auf De Hoevens wohnst, genie\u00dft du die Weite und Ruhe, die unser Landgut auszeichnen. Das bedeutet jedoch nicht, dass gelegentlich keine Ger\u00e4usche zu h\u00f6ren sind. Schlie\u00dflich befinden wir uns in einem landwirtschaftlichen Gebiet, in dem die Bauern ihrer Arbeit nachgehen. Auch finden gelegentlich Veranstaltungen im Au\u00dfenbereich statt.<\/p>\n<p data-start=\"380\" data-end=\"431\" data-is-last-node=\"\" data-is-only-node=\"\"><strong><a style=\"text-decoration: underline;\" href=\"https:\/\/toerismedebaronie.nl\/evenementen\/\" target=\"_blank\" rel=\"noopener\">hier<\/a> findest du eine \u00dcbersicht der Veranstaltungen.<\/strong><\/p>\n<\/div>\n","protected":false},"excerpt":{"rendered":"<p>Ferienwohnung f\u00fcr Familien- und FreundesgruppenUnter dem Dach einer denkmalgesch\u00fctzten fl\u00e4mischen Scheune befindet sich ein stilvolles und luxuri\u00f6ses Ferienhaus inmitten der Natur. Hier kannst du gemeinsam mit Familie und Freunden die wundersch\u00f6ne Umgebung des jahrhundertealten Landguts De Hoevens und die Gesellschaft der anderen genie\u00dfen. Wandern, Radfahren, Spiele am Kamin spielen oder im Badeteich schwimmen \u2013 ein &hellip; <\/p>\n<p class=\"link-more\"><a href=\"https:\/\/dehoevens.nl\/de\/ferienwohnung\/\" class=\"more-link\"><span class=\"screen-reader-text\">&#8222;Ferienwohnung&#8220;<\/span> weiterlesen<\/a><\/p>\n","protected":false},"author":1,"featured_media":0,"parent":0,"menu_order":0,"comment_status":"closed","ping_status":"closed","template":"page-templates\/greencolor.php","meta":{"_acf_changed":false,"footnotes":""},"class_list":["post-12148","page","type-page","status-publish","hentry"],"acf":[],"_links":{"self":[{"href":"https:\/\/dehoevens.nl\/de\/wp-json\/wp\/v2\/pages\/12148","targetHints":{"allow":["GET"]}}],"collection":[{"href":"https:\/\/dehoevens.nl\/de\/wp-json\/wp\/v2\/pages"}],"about":[{"href":"https:\/\/dehoevens.nl\/de\/wp-json\/wp\/v2\/types\/page"}],"author":[{"embeddable":true,"href":"https:\/\/dehoevens.nl\/de\/wp-json\/wp\/v2\/users\/1"}],"replies":[{"embeddable":true,"href":"https:\/\/dehoevens.nl\/de\/wp-json\/wp\/v2\/comments?post=12148"}],"version-history":[{"count":4,"href":"https:\/\/dehoevens.nl\/de\/wp-json\/wp\/v2\/pages\/12148\/revisions"}],"predecessor-version":[{"id":12299,"href":"https:\/\/dehoevens.nl\/de\/wp-json\/wp\/v2\/pages\/12148\/revisions\/12299"}],"wp:attachment":[{"href":"https:\/\/dehoevens.nl\/de\/wp-json\/wp\/v2\/media?parent=12148"}],"curies":[{"name":"wp","href":"https:\/\/api.w.org\/{rel}","templated":true}]}}