{"id":12124,"date":"2017-05-09T13:12:06","date_gmt":"2017-05-09T11:12:06","guid":{"rendered":"https:\/\/dehoevens.nl\/bb-t-bakhuis\/faciliteiten\/"},"modified":"2025-12-03T15:11:36","modified_gmt":"2025-12-03T13:11:36","slug":"ausstattung","status":"publish","type":"page","link":"https:\/\/dehoevens.nl\/de\/bb-t-bakhuis\/ausstattung\/","title":{"rendered":"Ausstattung"},"content":{"rendered":"<p><img loading=\"lazy\" decoding=\"async\" class=\"alignright wp-image-10470 size-medium\" src=\"https:\/\/dehoevens.nl\/wp-content\/uploads\/2025\/05\/EBF-_9891-300x200.jpg\" alt=\"\" width=\"300\" height=\"200\" srcset=\"https:\/\/dehoevens.nl\/wp-content\/uploads\/2025\/05\/EBF-_9891-300x200.jpg 300w, https:\/\/dehoevens.nl\/wp-content\/uploads\/2025\/05\/EBF-_9891-1024x683.jpg 1024w, https:\/\/dehoevens.nl\/wp-content\/uploads\/2025\/05\/EBF-_9891-768x512.jpg 768w, https:\/\/dehoevens.nl\/wp-content\/uploads\/2025\/05\/EBF-_9891-1536x1024.jpg 1536w, https:\/\/dehoevens.nl\/wp-content\/uploads\/2025\/05\/EBF-_9891.jpg 1400w\" sizes=\"auto, (max-width: 300px) 100vw, 300px\" \/>Das \u2019t Bakhuis besteht aus zwei Bereichen: Im Erdgeschoss befindet sich die Essecke. \u00dcber eine Treppe erreichst du das Souterrain mit einem gem\u00fctlichen Schlafbereich und einer komplett ausgestatteten K\u00fcche. Das \u2019t Bakhuis verf\u00fcgt \u00fcber folgende Einrichtungen:<\/p>\n<p><strong data-start=\"35\" data-end=\"50\">Erdgeschoss<br \/>\n<\/strong>&#8211; Gem\u00fctliche Essecke<br \/>\n&#8211; Bequeme Sessel<br \/>\n&#8211; Anrichte<br \/>\n&#8211; Kaffee-\/Teestation (im Preis inbegriffen)<br \/>\n&#8211; Authentischer Kamin mit Brotbackofen und Holzofen<br \/>\n&#8211; WLAN-Verbindung<br \/>\n&#8211; TV\/Radio<br \/>\n&#8211; Obstgarten mit Terrasse<\/p>\n<p><strong><img loading=\"lazy\" decoding=\"async\" class=\"alignright wp-image-10471 size-medium\" src=\"https:\/\/dehoevens.nl\/wp-content\/uploads\/2025\/05\/EBF-_9660-300x200.jpg\" alt=\"\" width=\"300\" height=\"200\" srcset=\"https:\/\/dehoevens.nl\/wp-content\/uploads\/2025\/05\/EBF-_9660-300x200.jpg 300w, https:\/\/dehoevens.nl\/wp-content\/uploads\/2025\/05\/EBF-_9660-1024x683.jpg 1024w, https:\/\/dehoevens.nl\/wp-content\/uploads\/2025\/05\/EBF-_9660-768x512.jpg 768w, https:\/\/dehoevens.nl\/wp-content\/uploads\/2025\/05\/EBF-_9660-1536x1024.jpg 1536w, https:\/\/dehoevens.nl\/wp-content\/uploads\/2025\/05\/EBF-_9660.jpg 1400w\" sizes=\"auto, (max-width: 300px) 100vw, 300px\" \/><\/strong><\/p>\n<p data-start=\"43\" data-end=\"59\"><strong data-start=\"43\" data-end=\"57\">Souterrain<br \/>\n<\/strong>&#8211; Doppelbett mit Daunendecken<br \/>\n&#8211; Badezimmer mit Dusche und Waschbecken<br \/>\n&#8211; Toilette<br \/>\n&#8211; K\u00fcche (Sp\u00fclbecken, Gasherd, K\u00fchlschrank, Ofen, T\u00f6pfe, Geschirrsp\u00fcler)<br \/>\n&#8211; Kaffeemaschine und Wasserkocher<br \/>\n&#8211; Kleiderschrank<\/p>\n<p data-start=\"43\" data-end=\"124\"><strong data-start=\"43\" data-end=\"55\">Achtung:<\/strong><br data-start=\"55\" data-end=\"58\" \/>Das Souterrain ist ausschlie\u00dflich \u00fcber eine Holztreppe erreichbar.<\/p>\n<p data-start=\"126\" data-end=\"137\"><strong data-start=\"126\" data-end=\"135\">Extra<br \/>\n<\/strong>&#8211; Bezogene Betten, Tee- und Handt\u00fccher sowie Pflegeprodukte<br \/>\n&#8211; Eigener Parkplatz<br \/>\n&#8211; Obstgarten mit Gartentisch und St\u00fchlen<\/p>\n<p data-start=\"266\" data-end=\"305\">Hunde sind im \u2019t Bakhuis nicht erlaubt.<\/p>\n<p><strong><img loading=\"lazy\" decoding=\"async\" class=\"alignright wp-image-10473 size-medium\" src=\"https:\/\/dehoevens.nl\/wp-content\/uploads\/2025\/05\/EBF-_9683-300x200.jpg\" alt=\"\" width=\"300\" height=\"200\" srcset=\"https:\/\/dehoevens.nl\/wp-content\/uploads\/2025\/05\/EBF-_9683-300x200.jpg 300w, https:\/\/dehoevens.nl\/wp-content\/uploads\/2025\/05\/EBF-_9683-1024x683.jpg 1024w, https:\/\/dehoevens.nl\/wp-content\/uploads\/2025\/05\/EBF-_9683-768x512.jpg 768w, https:\/\/dehoevens.nl\/wp-content\/uploads\/2025\/05\/EBF-_9683-1536x1024.jpg 1536w, https:\/\/dehoevens.nl\/wp-content\/uploads\/2025\/05\/EBF-_9683.jpg 1400w\" sizes=\"auto, (max-width: 300px) 100vw, 300px\" \/><\/strong><\/p>\n<p data-start=\"35\" data-end=\"278\"><strong data-start=\"35\" data-end=\"63\">Fr\u00fchst\u00fcck und Abendessen<\/strong><br data-start=\"63\" data-end=\"66\" \/>Das \u2019t Bakhuisje ist so ausgestattet, dass du selbst Essen und Getr\u00e4nke mitbringen und kochen kannst. Im Ort Alphen (ca. 3 km entfernt) gibt es einen Supermarkt, einen B\u00e4cker und einen Metzger f\u00fcr deine Eink\u00e4ufe.<\/p>\n<p data-start=\"280\" data-end=\"544\">M\u00f6chtest du es lieber bequem? Dann bereiten wir dir gerne einen leckeren Fr\u00fchst\u00fcckskorb zu, mit dem du dein Fr\u00fchst\u00fcck selbst zubereiten kannst. Dieser Korb wird dir bei deiner Ankunft \u00fcberreicht und enth\u00e4lt ausreichend Produkte f\u00fcr 2 Tage Fr\u00fchst\u00fcck f\u00fcr 2 Personen.<\/p>\n<p data-start=\"546\" data-end=\"691\">In der n\u00e4heren Umgebung von De Hoevens findest du mehrere sch\u00f6ne Restaurants, in denen du ein k\u00f6stliches Mittag- oder Abendessen genie\u00dfen kannst.<\/p>\n<p><strong>\u00a0<\/strong><\/p>\n","protected":false},"excerpt":{"rendered":"<p>Das \u2019t Bakhuis besteht aus zwei Bereichen: Im Erdgeschoss befindet sich die Essecke. \u00dcber eine Treppe erreichst du das Souterrain mit einem gem\u00fctlichen Schlafbereich und einer komplett ausgestatteten K\u00fcche. Das \u2019t Bakhuis verf\u00fcgt \u00fcber folgende Einrichtungen: Erdgeschoss &#8211; Gem\u00fctliche Essecke &#8211; Bequeme Sessel &#8211; Anrichte &#8211; Kaffee-\/Teestation (im Preis inbegriffen) &#8211; Authentischer Kamin mit Brotbackofen &hellip; <\/p>\n<p class=\"link-more\"><a href=\"https:\/\/dehoevens.nl\/de\/bb-t-bakhuis\/ausstattung\/\" class=\"more-link\"><span class=\"screen-reader-text\">&#8222;Ausstattung&#8220;<\/span> weiterlesen<\/a><\/p>\n","protected":false},"author":1,"featured_media":0,"parent":11928,"menu_order":0,"comment_status":"closed","ping_status":"closed","template":"page-templates\/greencolor.php","meta":{"_acf_changed":false,"footnotes":""},"class_list":["post-12124","page","type-page","status-publish","hentry"],"acf":[],"_links":{"self":[{"href":"https:\/\/dehoevens.nl\/de\/wp-json\/wp\/v2\/pages\/12124","targetHints":{"allow":["GET"]}}],"collection":[{"href":"https:\/\/dehoevens.nl\/de\/wp-json\/wp\/v2\/pages"}],"about":[{"href":"https:\/\/dehoevens.nl\/de\/wp-json\/wp\/v2\/types\/page"}],"author":[{"embeddable":true,"href":"https:\/\/dehoevens.nl\/de\/wp-json\/wp\/v2\/users\/1"}],"replies":[{"embeddable":true,"href":"https:\/\/dehoevens.nl\/de\/wp-json\/wp\/v2\/comments?post=12124"}],"version-history":[{"count":4,"href":"https:\/\/dehoevens.nl\/de\/wp-json\/wp\/v2\/pages\/12124\/revisions"}],"predecessor-version":[{"id":12291,"href":"https:\/\/dehoevens.nl\/de\/wp-json\/wp\/v2\/pages\/12124\/revisions\/12291"}],"up":[{"embeddable":true,"href":"https:\/\/dehoevens.nl\/de\/wp-json\/wp\/v2\/pages\/11928"}],"wp:attachment":[{"href":"https:\/\/dehoevens.nl\/de\/wp-json\/wp\/v2\/media?parent=12124"}],"curies":[{"name":"wp","href":"https:\/\/api.w.org\/{rel}","templated":true}]}}