{"id":12102,"date":"2017-04-18T06:15:22","date_gmt":"2017-04-18T04:15:22","guid":{"rendered":"https:\/\/dehoevens.nl\/historie\/visie\/"},"modified":"2025-12-03T15:17:01","modified_gmt":"2025-12-03T13:17:01","slug":"vision","status":"publish","type":"page","link":"https:\/\/dehoevens.nl\/de\/landgut\/vision\/","title":{"rendered":"Vision"},"content":{"rendered":"<p><strong>Mensch und Natur in Harmonie<\/strong><br \/>\nDer Mensch ist Natur. In den letzten Jahrzehnten ist der Mensch jedoch \u2013 nicht zuletzt durch die industrielle Revolution und den damit verbundenen wirtschaftlichen Wohlstand \u2013 zunehmend von der Natur und auch von sich selbst entfremdet worden. Das Gleichgewicht ist verloren gegangen. Der Mensch sucht wieder nach seiner Natur\u2026<\/p>\n<p>Das Landgut De Hoevens ist ein jahrhundertealtes Anwesen, das seit drei Generationen im Besitz der Familie Van der Lande-Vogels ist und eine reiche Geschichte aufweist. Die heutigen Eigent\u00fcmer, Floris und Caroline Van der Lande-Vogels, haben sich gemeinsam mit ihrer Familie daf\u00fcr entschieden, Mensch und Natur auf Augenh\u00f6he miteinander zu verbinden.<\/p>\n<p><img loading=\"lazy\" decoding=\"async\" class=\"alignnone wp-image-2922 size-large\" src=\"https:\/\/dehoevens.nl\/wp-content\/uploads\/2019\/06\/IMG-20190601-WA0022-1024x768.jpg\" alt=\"\" width=\"525\" height=\"394\" srcset=\"https:\/\/dehoevens.nl\/wp-content\/uploads\/2019\/06\/IMG-20190601-WA0022-1024x768.jpg 1024w, https:\/\/dehoevens.nl\/wp-content\/uploads\/2019\/06\/IMG-20190601-WA0022-300x225.jpg 300w, https:\/\/dehoevens.nl\/wp-content\/uploads\/2019\/06\/IMG-20190601-WA0022-768x576.jpg 768w, https:\/\/dehoevens.nl\/wp-content\/uploads\/2019\/06\/IMG-20190601-WA0022-1600x1200.jpg 1600w, https:\/\/dehoevens.nl\/wp-content\/uploads\/2019\/06\/IMG-20190601-WA0022.jpg 1400w\" sizes=\"auto, (max-width: 525px) 100vw, 525px\" \/><\/p>\n<p><strong>De Hoevens \u2013 Ein besonderer Ort des Seins<\/strong><br \/>\nDe Hoevens ist ein besonderer \u201eSeinsort\u201c, an dem jeder willkommen ist und auf seine eigene Weise zu sich selbst finden kann. Zum Beispiel durch Freizeitaktivit\u00e4ten mit der Familie oder durch das Lernen von der Natur zusammen mit einer Schulklasse. Aber auch durch das Alleinsein und das Erleben der paradiesischen Stille. Oder indem man einem geliebten Menschen einen letzten Ruheplatz mitten in der Natur bietet.<\/p>\n<p>Alle Unternehmensbereiche und Aktivit\u00e4ten auf De Hoevens werden von Floris und Caroline, gemeinsam mit ihrem Team, nachhaltig und mit viel Liebe zum Landgut entwickelt \u2013 basierend auf einer Synergie von sechs Kernwerten:<\/p>\n<ul>\n<li>Natur<\/li>\n<li>Ruhe<\/li>\n<li>Raum<\/li>\n<li>Kulturgeschichte<\/li>\n<li>Einfachheit<\/li>\n<li>Qualit\u00e4t<\/li>\n<\/ul>\n<p>Blickt man auf die letzten hundert Jahre zur\u00fcck, l\u00e4sst sich sagen, dass De Hoevens zu einem zukunftsf\u00e4higen Landgut gewachsen ist, bei dem auch die vierte Generation der T\u00f6chter eingebunden wird. Dabei wurden klare Entscheidungen in Bezug auf die Kernwerte Ruhe, Raum, Natur, Einfachheit, Qualit\u00e4t und Kulturgeschichte getroffen. Mit Produkten, Dienstleistungen und Aktivit\u00e4ten, die nicht nur den G\u00e4sten zugutekommen, sondern auch der Natur, den Mitarbeitenden, der Umgebung und den Eigent\u00fcmern.<\/p>\n<p>So bleibt De Hoevens \u00fcber viele Jahrzehnte ein sch\u00f6ner und inspirierender Ort zum Wohnen, Arbeiten, Leben und Erholen \u2013 ein Ort, an dem Mensch und Natur im Gleichgewicht sind.<\/p>\n","protected":false},"excerpt":{"rendered":"<p>Mensch und Natur in Harmonie Der Mensch ist Natur. In den letzten Jahrzehnten ist der Mensch jedoch \u2013 nicht zuletzt durch die industrielle Revolution und den damit verbundenen wirtschaftlichen Wohlstand \u2013 zunehmend von der Natur und auch von sich selbst entfremdet worden. Das Gleichgewicht ist verloren gegangen. Der Mensch sucht wieder nach seiner Natur\u2026 Das &hellip; <\/p>\n<p class=\"link-more\"><a href=\"https:\/\/dehoevens.nl\/de\/landgut\/vision\/\" class=\"more-link\"><span class=\"screen-reader-text\">&#8222;Vision&#8220;<\/span> weiterlesen<\/a><\/p>\n","protected":false},"author":1,"featured_media":0,"parent":12026,"menu_order":0,"comment_status":"closed","ping_status":"closed","template":"page-templates\/greencolor.php","meta":{"_acf_changed":false,"footnotes":""},"class_list":["post-12102","page","type-page","status-publish","hentry"],"acf":[],"_links":{"self":[{"href":"https:\/\/dehoevens.nl\/de\/wp-json\/wp\/v2\/pages\/12102","targetHints":{"allow":["GET"]}}],"collection":[{"href":"https:\/\/dehoevens.nl\/de\/wp-json\/wp\/v2\/pages"}],"about":[{"href":"https:\/\/dehoevens.nl\/de\/wp-json\/wp\/v2\/types\/page"}],"author":[{"embeddable":true,"href":"https:\/\/dehoevens.nl\/de\/wp-json\/wp\/v2\/users\/1"}],"replies":[{"embeddable":true,"href":"https:\/\/dehoevens.nl\/de\/wp-json\/wp\/v2\/comments?post=12102"}],"version-history":[{"count":4,"href":"https:\/\/dehoevens.nl\/de\/wp-json\/wp\/v2\/pages\/12102\/revisions"}],"predecessor-version":[{"id":12302,"href":"https:\/\/dehoevens.nl\/de\/wp-json\/wp\/v2\/pages\/12102\/revisions\/12302"}],"up":[{"embeddable":true,"href":"https:\/\/dehoevens.nl\/de\/wp-json\/wp\/v2\/pages\/12026"}],"wp:attachment":[{"href":"https:\/\/dehoevens.nl\/de\/wp-json\/wp\/v2\/media?parent=12102"}],"curies":[{"name":"wp","href":"https:\/\/api.w.org\/{rel}","templated":true}]}}