{"id":12026,"date":"2017-04-18T06:15:06","date_gmt":"2017-04-18T04:15:06","guid":{"rendered":"https:\/\/dehoevens.nl\/historie\/"},"modified":"2025-12-03T15:16:03","modified_gmt":"2025-12-03T13:16:03","slug":"landgut","status":"publish","type":"page","link":"https:\/\/dehoevens.nl\/de\/landgut\/","title":{"rendered":"Landgut"},"content":{"rendered":"<p>Das Landgut De Hoevens hat eine besondere Geschichte, die weit in die Vergangenheit zur\u00fcckreicht. In den letzten Jahren wurden arch\u00e4ologische Spuren gefunden, die auf durchziehende V\u00f6lker bereits in der Bronze- und Eisenzeit (ca. 1700\u2013100 v. Chr.) hinweisen. Die schriftlich dokumentierte Geschichte von De Hoevens beginnt jedoch im Jahr 1204, als der Nieuwelandse Hoeve vom Herrn von Breda der Abtei von Tongerlo geschenkt wurde.<\/p>\n<p><img loading=\"lazy\" decoding=\"async\" class=\"alignnone size-full wp-image-70\" src=\"https:\/\/dehoevens.nl\/wp-content\/uploads\/2017\/04\/history-banner.jpg\" alt=\"\" width=\"1281\" height=\"438\" \/><\/p>\n<p>Wir springen in der Zeit und landen im Jahr 1919. In diesem Jahr kaufen die Gebr\u00fcder Blomjous, Textilfabrikanten aus Tilburg, die Grundst\u00fccke und Geb\u00e4ude bei einer Auktion eines Waisenhauses in Breda. Von da an spricht man erstmals wirklich von einem Landgut, das den Namen \u201eDe Hoevens\u201c erh\u00e4lt \u2013 eine Anspielung auf die vielen H\u00f6fe, die hier stehen.<\/p>\n<p><img loading=\"lazy\" decoding=\"async\" class=\"alignright wp-image-3404 size-medium\" src=\"https:\/\/dehoevens.nl\/wp-content\/uploads\/2020\/01\/DSC2427-300x200.jpg\" alt=\"\" width=\"300\" height=\"200\" srcset=\"https:\/\/dehoevens.nl\/wp-content\/uploads\/2020\/01\/DSC2427-300x200.jpg 300w, https:\/\/dehoevens.nl\/wp-content\/uploads\/2020\/01\/DSC2427-1024x681.jpg 1024w, https:\/\/dehoevens.nl\/wp-content\/uploads\/2020\/01\/DSC2427-768x511.jpg 768w, https:\/\/dehoevens.nl\/wp-content\/uploads\/2020\/01\/DSC2427-1536x1022.jpg 1536w, https:\/\/dehoevens.nl\/wp-content\/uploads\/2020\/01\/DSC2427-2048x1363.jpg 2048w, https:\/\/dehoevens.nl\/wp-content\/uploads\/2020\/01\/DSC2427.jpg 1400w\" sizes=\"auto, (max-width: 300px) 100vw, 300px\" \/><\/p>\n<p>Im Jahr 1971 wird Walthera Vogels-Blomjous, Tochter von Henri, die neue Eigent\u00fcmerin. Ab 1972 \u00fcbernimmt sie die Leitung des \u201eLandwirtschaftsbetriebs J.A. Blomjous\u201c, wie er damals genannt wurde, und entwickelt den Milchviehbetrieb auf 200 K\u00fche mit einem automatisierten 16-Pl\u00e4tze-Karussell. Damit geh\u00f6rte er zu den gr\u00f6\u00dften Milchviehbetrieben jener Zeit.<\/p>\n<p>1990 \u00fcbernimmt Caroline van der Lande-Vogels, Enkelin von Henri Blomjous, die Leitung von ihrer Mutter. Caroline und ihr Mann Floris entscheiden sich, einen anderen Weg einzuschlagen: Sie bewirtschaften und entwickeln das Landgut auf nachhaltige Weise, mit Liebe und Augenmerk auf die Natur. Das Ergebnis ihrer Bem\u00fchungen ist heute bei einem Besuch auf De Hoevens erlebbar.<\/p>\n","protected":false},"excerpt":{"rendered":"<p>Das Landgut De Hoevens hat eine besondere Geschichte, die weit in die Vergangenheit zur\u00fcckreicht. In den letzten Jahren wurden arch\u00e4ologische Spuren gefunden, die auf durchziehende V\u00f6lker bereits in der Bronze- und Eisenzeit (ca. 1700\u2013100 v. Chr.) hinweisen. Die schriftlich dokumentierte Geschichte von De Hoevens beginnt jedoch im Jahr 1204, als der Nieuwelandse Hoeve vom Herrn &hellip; <\/p>\n<p class=\"link-more\"><a href=\"https:\/\/dehoevens.nl\/de\/landgut\/\" class=\"more-link\"><span class=\"screen-reader-text\">&#8222;Landgut&#8220;<\/span> weiterlesen<\/a><\/p>\n","protected":false},"author":1,"featured_media":0,"parent":0,"menu_order":0,"comment_status":"closed","ping_status":"closed","template":"page-templates\/greencolor.php","meta":{"_acf_changed":false,"footnotes":""},"class_list":["post-12026","page","type-page","status-publish","hentry"],"acf":[],"_links":{"self":[{"href":"https:\/\/dehoevens.nl\/de\/wp-json\/wp\/v2\/pages\/12026","targetHints":{"allow":["GET"]}}],"collection":[{"href":"https:\/\/dehoevens.nl\/de\/wp-json\/wp\/v2\/pages"}],"about":[{"href":"https:\/\/dehoevens.nl\/de\/wp-json\/wp\/v2\/types\/page"}],"author":[{"embeddable":true,"href":"https:\/\/dehoevens.nl\/de\/wp-json\/wp\/v2\/users\/1"}],"replies":[{"embeddable":true,"href":"https:\/\/dehoevens.nl\/de\/wp-json\/wp\/v2\/comments?post=12026"}],"version-history":[{"count":4,"href":"https:\/\/dehoevens.nl\/de\/wp-json\/wp\/v2\/pages\/12026\/revisions"}],"predecessor-version":[{"id":12300,"href":"https:\/\/dehoevens.nl\/de\/wp-json\/wp\/v2\/pages\/12026\/revisions\/12300"}],"wp:attachment":[{"href":"https:\/\/dehoevens.nl\/de\/wp-json\/wp\/v2\/media?parent=12026"}],"curies":[{"name":"wp","href":"https:\/\/api.w.org\/{rel}","templated":true}]}}