{"id":12006,"date":"2017-04-19T07:18:54","date_gmt":"2017-04-19T05:18:54","guid":{"rendered":"https:\/\/dehoevens.nl\/natuurkampeerterrein\/tarieven\/"},"modified":"2025-12-29T13:56:13","modified_gmt":"2025-12-29T11:56:13","slug":"preise","status":"publish","type":"page","link":"https:\/\/dehoevens.nl\/de\/naturcamping\/preise\/","title":{"rendered":"Preise"},"content":{"rendered":"<div class=\"info-table\">\n<div class=\"inner-table\">\n<p><strong>PREISE 2026<\/strong><\/p>\n<table style=\"height: 613px;\" width=\"500\">\n<tbody>\n<tr>\n<td class=\"td1\" valign=\"top\">\n<p class=\"p2\"><span class=\"s1\"><b>STELLPL\u00c4TZE (pro nacht)<\/b><\/span><\/p>\n<\/td>\n<td class=\"td2\" valign=\"top\">\n<p class=\"p3\"><span class=\"s1\"><b>HAUPTS.<\/b><\/span><\/p>\n<\/td>\n<td class=\"td3\" valign=\"top\">\n<p class=\"p3\"><span class=\"s1\"><b>NEBENS.<\/b><\/span><\/p>\n<\/td>\n<\/tr>\n<tr>\n<td class=\"td4\" valign=\"top\">\n<p class=\"p2\"><span class=\"s1\">Stellplatz Basis <strong>(1)<\/strong> <\/span><\/p>\n<\/td>\n<td class=\"td5\" valign=\"top\">\n<p class=\"p3\"><span class=\"s1\">\u20ac 29,50<\/span><\/p>\n<\/td>\n<td class=\"td6\" valign=\"top\">\n<p class=\"p3\"><span class=\"s1\">\u20ac 23,50<\/span><\/p>\n<\/td>\n<\/tr>\n<tr>\n<td class=\"td1\" valign=\"top\">\n<p class=\"p2\"><span class=\"s1\">Stellplatz Comfort <b>(2)<\/b><\/span><\/p>\n<\/td>\n<td class=\"td2\" valign=\"top\">\n<p class=\"p3\"><span class=\"s1\">\u20ac 34,50<\/span><\/p>\n<\/td>\n<td class=\"td3\" valign=\"top\">\n<p class=\"p3\"><span class=\"s1\">\u20ac 28,50<\/span><\/p>\n<\/td>\n<\/tr>\n<tr>\n<td class=\"td4\" valign=\"top\">\n<p class=\"p2\"><span class=\"s1\">Stellplatz Kleines Zelt <b>(3)<\/b><\/span><\/p>\n<\/td>\n<td class=\"td5\" valign=\"top\">\n<p class=\"p3\"><span class=\"s1\">\u20ac 24,50<\/span><\/p>\n<\/td>\n<td class=\"td6\" valign=\"top\">\n<p class=\"p3\"><span class=\"s1\">\u20ac 18,50<\/span><\/p>\n<\/td>\n<\/tr>\n<tr>\n<td class=\"td4\" valign=\"top\">\n<p class=\"p2\">Trekkersplatz <strong>(4)<\/strong><\/p>\n<\/td>\n<td class=\"td5\" valign=\"top\">\n<p class=\"p3\"><span class=\"s1\">\u20ac 17,50<\/span><\/p>\n<\/td>\n<td class=\"td6\" valign=\"top\">\n<p class=\"p3\"><span class=\"s1\">\u20ac 15,00<\/span><\/p>\n<\/td>\n<\/tr>\n<tr>\n<td class=\"td4\" valign=\"top\">\n<p class=\"p2\">Naturcampingkarte*<\/p>\n<\/td>\n<td class=\"td5\" valign=\"top\">\n<p class=\"p3\"><span class=\"s1\">\u20ac 15,95<\/span><\/p>\n<\/td>\n<td class=\"td6\" valign=\"top\">\n<p class=\"p3\"><span class=\"s1\">\u20ac 15,95<\/span><\/p>\n<\/td>\n<\/tr>\n<tr>\n<td class=\"td7\" valign=\"top\">\n<p class=\"p2\"><span class=\"s1\">Aufpreis extra person<\/span><\/p>\n<\/td>\n<td class=\"td8\" valign=\"top\">\n<p class=\"p3\"><span class=\"s1\">\u20ac <span class=\"Apple-converted-space\">\u00a0 8,5<\/span>0<\/span><\/p>\n<\/td>\n<td class=\"td9\" valign=\"top\">\n<p class=\"p3\"><span class=\"s1\">\u20ac<span class=\"Apple-converted-space\">\u00a0 \u00a0 8<\/span>,50<\/span><\/p>\n<\/td>\n<\/tr>\n<tr>\n<td class=\"td7\" valign=\"top\">Erm\u00e4\u00dfigung von 1 Person statt 2 Personen<\/td>\n<td class=\"td8\" valign=\"top\">\n<p class=\"p3\"><span class=\"s1\">\u20ac <span class=\"Apple-converted-space\">\u00a0 <\/span>5,00<\/span><\/p>\n<\/td>\n<td class=\"td9\" valign=\"top\">\n<p class=\"p3\"><span class=\"s1\">\u20ac<span class=\"Apple-converted-space\">\u00a0 \u00a0 <\/span>5,00<\/span><\/p>\n<\/td>\n<\/tr>\n<tr>\n<td class=\"td7\" valign=\"top\">\n<p class=\"p2\"><span class=\"s1\">Aufpreis Zusatzzelt &lt;2x2m<br \/>\n<\/span><\/p>\n<\/td>\n<td class=\"td8\" valign=\"top\">\n<p class=\"p3\"><span class=\"s1\">\u20ac <span class=\"Apple-converted-space\">\u00a0 3,5<\/span>0<\/span><\/p>\n<\/td>\n<td class=\"td9\" valign=\"top\">\n<p class=\"p3\"><span class=\"s1\">\u20ac<span class=\"Apple-converted-space\">\u00a0 \u00a0 3<\/span>,50<\/span><\/p>\n<\/td>\n<\/tr>\n<tr>\n<td class=\"td10\" valign=\"top\">\n<p class=\"p2\"><span class=\"s1\">Aufpreis Haustier<\/span><\/p>\n<\/td>\n<td class=\"td11\" valign=\"top\">\n<p class=\"p3\"><span class=\"s1\">\u20ac <span class=\"Apple-converted-space\">\u00a0 2<\/span>,50<\/span><\/p>\n<\/td>\n<td class=\"td12\" valign=\"top\">\n<p class=\"p3\"><span class=\"s1\">\u20ac<span class=\"Apple-converted-space\">\u00a0 \u00a0 2<\/span>,50<\/span><\/p>\n<\/td>\n<\/tr>\n<tr>\n<td class=\"td7\" valign=\"top\">\n<p class=\"p2\"><span class=\"s1\">Aufpreis Tagesgast<br \/>\n<\/span><\/p>\n<\/td>\n<td class=\"td8\" valign=\"top\">\n<p class=\"p3\"><span class=\"s1\">\u20ac <span class=\"Apple-converted-space\">\u00a0 3<\/span>,50<\/span><\/p>\n<\/td>\n<td class=\"td9\" valign=\"top\">\n<p class=\"p3\"><span class=\"s1\">\u20ac<span class=\"Apple-converted-space\">\u00a0 \u00a0 3<\/span>,50<\/span><\/p>\n<\/td>\n<\/tr>\n<\/tbody>\n<\/table>\n<p>&nbsp;<\/p>\n<p><strong>Mindestaufenthalt am Wochenende:<\/strong><br \/>\nIn der Zeit vom 24. April bis 27. September 2026 gilt ein Mindestaufenthalt von 2 N\u00e4chten am Wochenende.<br \/>\nAn Himmelfahrt und Pfingsten gilt ein Mindestaufenthalt von 3 N\u00e4chten.<\/p>\n<p><strong>Hauptsaison:<\/strong><\/p>\n<ul>\n<li>Freitag- bis Sonntagabend<\/li>\n<li>W\u00e4hrend Himmelfahrt und Pfingsten<\/li>\n<li>W\u00e4hrend der <strong>Maiferien<\/strong>: 24. April bis 10. Mai 2026<\/li>\n<li>W\u00e4hrend der <strong>Sommerferien<\/strong>: 1. Juli bis 31. August 2026<\/li>\n<\/ul>\n<p><strong>Nebensaison:<\/strong><\/p>\n<ul>\n<li>Alle \u00fcbrigen Daten im Zeitraum 1. April bis 31. Oktober 2026<\/li>\n<\/ul>\n<p><strong>Anreise:<\/strong> ab 14:00 Uhr<br \/>\n<strong>Abreise:<\/strong> bis 12:00 Uhr<i><\/i><\/p>\n<p><strong><em><br \/>\nInclusive:<\/em><\/strong><br \/>\n<span class=\"s2\"><b>(1)<\/b> opp. 120m2, 2 pers., 1 <\/span>Wohnwagen\/Wohnmobil\/Faltcaravan oder Zelt,<br \/>\nUmweltgeb\u00fchr, Auto und Strom<br \/>\n<span class=\"s2\"><b>(2)<\/b> opp. 150m2, 2 pers., 1 Zelt,<br \/>\nUmweltgeb\u00fchr, Auto, Wasser und Strom, Picknicktisch<br \/>\n<b>(3)<\/b> opp. 85m2, 2 pers., 1 Zelt,<br \/>\nUmweltgeb\u00fchr, Auto und Strom<br \/>\n<strong>(4)<\/strong> 2 pers., 1 Zelt, <\/span>Nur f\u00fcr Durchreisende zu Fu\u00df oder mit dem Fahrrad, max. 2 N\u00e4chte.<br \/>\nUmweltgeb\u00fchr.<\/p>\n<p><em><strong>Exclusive:<br \/>\n<\/strong><\/em>Kurtaxe: \u20ac 1,- p.p.p.n.<\/p>\n<p>* <em><strong>Eine Naturcampingkarte ist Pflicht. Die Kosten werden separat berechnet. Wenn Sie bereits eine Naturcampingkarte besitzen, k\u00f6nnen Sie dies im Such- &amp; Buchungssystem abw\u00e4hlen.<\/strong><\/em><\/p>\n<p><strong>ACHTUNG:<\/strong><\/p>\n<ul>\n<li>Wohnmobile bis 7,5\u202fm L\u00e4nge und maximal 3.500\u202fkg sind erlaubt.<\/li>\n<li>Keine Tandem- oder Doppelachsen erlaubt.<\/li>\n<li>Unser Campingplatz ist nicht geeignet f\u00fcr Gruppen &gt;15 Personen, Gruppen, die eine Feier veranstalten m\u00f6chten, und Familien, die Animation suchen.<\/li>\n<li>Maximal 6 Personen pro Stellplatz.<\/li>\n<\/ul>\n<p><strong>Regeln, Stornierungs- und Zahlungsbedingungen<\/strong><br \/>\nW\u00e4hrend Ihres Aufenthalts erwarten wir, dass Sie sich an unsere <a href=\"https:\/\/dehoevens.nl\/wp-content\/uploads\/2022\/09\/Algemene-gedragsregels-NKT.pdf\" target=\"_blank\" rel=\"noopener\">Regeln und Hausordnung<\/a> halten. So bleibt der Naturcampingplatz ein sch\u00f6ner Ort f\u00fcr Mensch und Natur.<\/p>\n<p>ACHTUNG: Auf Ihre Reservierung bzw. Stornierung gelten unsere regul\u00e4ren Zahlungs- und Stornierungsbedingungen.<\/p>\n<p>Auf De Hoevens kann nur per Karte (PIN) bezahlt werden!<\/p>\n<p><strong>\u00a0<\/strong><\/p>\n<p><img loading=\"lazy\" decoding=\"async\" class=\"n3VNCb\" src=\"https:\/\/www.pin.nl\/wp-uploads\/2012\/10\/PIN-LOGO+haarlijn-FC.gif\" alt=\"Afbeeldingsresultaat voor pinbetaling logo\" width=\"140\" height=\"97\" data-noaft=\"1\" \/><\/p>\n<\/div>\n<\/div>\n","protected":false},"excerpt":{"rendered":"<p>PREISE 2026 STELLPL\u00c4TZE (pro nacht) HAUPTS. NEBENS. Stellplatz Basis (1) \u20ac 29,50 \u20ac 23,50 Stellplatz Comfort (2) \u20ac 34,50 \u20ac 28,50 Stellplatz Kleines Zelt (3) \u20ac 24,50 \u20ac 18,50 Trekkersplatz (4) \u20ac 17,50 \u20ac 15,00 Naturcampingkarte* \u20ac 15,95 \u20ac 15,95 Aufpreis extra person \u20ac \u00a0 8,50 \u20ac\u00a0 \u00a0 8,50 Erm\u00e4\u00dfigung von 1 Person statt 2 &hellip; <\/p>\n<p class=\"link-more\"><a href=\"https:\/\/dehoevens.nl\/de\/naturcamping\/preise\/\" class=\"more-link\"><span class=\"screen-reader-text\">&#8222;Preise&#8220;<\/span> weiterlesen<\/a><\/p>\n","protected":false},"author":1,"featured_media":0,"parent":11935,"menu_order":0,"comment_status":"closed","ping_status":"closed","template":"page-templates\/yellowcolor.php","meta":{"_acf_changed":false,"footnotes":""},"class_list":["post-12006","page","type-page","status-publish","hentry"],"acf":[],"_links":{"self":[{"href":"https:\/\/dehoevens.nl\/de\/wp-json\/wp\/v2\/pages\/12006","targetHints":{"allow":["GET"]}}],"collection":[{"href":"https:\/\/dehoevens.nl\/de\/wp-json\/wp\/v2\/pages"}],"about":[{"href":"https:\/\/dehoevens.nl\/de\/wp-json\/wp\/v2\/types\/page"}],"author":[{"embeddable":true,"href":"https:\/\/dehoevens.nl\/de\/wp-json\/wp\/v2\/users\/1"}],"replies":[{"embeddable":true,"href":"https:\/\/dehoevens.nl\/de\/wp-json\/wp\/v2\/comments?post=12006"}],"version-history":[{"count":4,"href":"https:\/\/dehoevens.nl\/de\/wp-json\/wp\/v2\/pages\/12006\/revisions"}],"predecessor-version":[{"id":12363,"href":"https:\/\/dehoevens.nl\/de\/wp-json\/wp\/v2\/pages\/12006\/revisions\/12363"}],"up":[{"embeddable":true,"href":"https:\/\/dehoevens.nl\/de\/wp-json\/wp\/v2\/pages\/11935"}],"wp:attachment":[{"href":"https:\/\/dehoevens.nl\/de\/wp-json\/wp\/v2\/media?parent=12006"}],"curies":[{"name":"wp","href":"https:\/\/api.w.org\/{rel}","templated":true}]}}