{"id":11989,"date":"2017-04-19T07:19:38","date_gmt":"2017-04-19T05:19:38","guid":{"rendered":"https:\/\/dehoevens.nl\/natuurkampeerterrein\/activiteiten\/"},"modified":"2025-12-03T15:18:59","modified_gmt":"2025-12-03T13:18:59","slug":"freizeit","status":"publish","type":"page","link":"https:\/\/dehoevens.nl\/de\/naturcamping\/freizeit\/","title":{"rendered":"Freizeit"},"content":{"rendered":"<p><img loading=\"lazy\" decoding=\"async\" class=\"alignright wp-image-3483 size-medium\" src=\"https:\/\/dehoevens.nl\/wp-content\/uploads\/2020\/01\/image00031-300x214.jpeg\" alt=\"\" width=\"300\" height=\"214\" srcset=\"https:\/\/dehoevens.nl\/wp-content\/uploads\/2020\/01\/image00031-300x214.jpeg 300w, https:\/\/dehoevens.nl\/wp-content\/uploads\/2020\/01\/image00031-1024x729.jpeg 1024w, https:\/\/dehoevens.nl\/wp-content\/uploads\/2020\/01\/image00031-768x547.jpeg 768w, https:\/\/dehoevens.nl\/wp-content\/uploads\/2020\/01\/image00031-1536x1094.jpeg 1536w, https:\/\/dehoevens.nl\/wp-content\/uploads\/2020\/01\/image00031-2048x1459.jpeg 2048w, https:\/\/dehoevens.nl\/wp-content\/uploads\/2020\/01\/image00031-scaled.jpeg 1400w\" sizes=\"auto, (max-width: 300px) 100vw, 300px\" \/><\/p>\n<p>Mit der Natur als Spielplatz gibt es auf und rund um De Hoevens jede Menge zu erleben. Wir haben die spannendsten M\u00f6glichkeiten f\u00fcr dich zusammengestellt.<\/p>\n<p><strong>Sport &amp; Spiel<\/strong><br \/>\nKinder f\u00fchlen sich auf De Hoevens rundum wohl. Neben dem Bauen von H\u00fctten und dem Sammeln von Holz f\u00fcr das Lagerfeuer k\u00f6nnen sie im Spielwald nach Herzenslust schwingen und klettern \u2013 mit Seilbahn, Schaukeln, Rutsche und Kletterbaum. Nat\u00fcrlich ist alles aus umweltfreundlichen Materialien gefertigt.<\/p>\n<p>F\u00fcr unsere kleinsten G\u00e4ste gibt es auch einen Sandkasten. \u00c4ltere Kinder k\u00f6nnen sich auf dem Volleyball- oder Badmintonfeld austoben.<\/p>\n<p><strong><img loading=\"lazy\" decoding=\"async\" class=\"alignright wp-image-3456 size-medium\" src=\"https:\/\/dehoevens.nl\/wp-content\/uploads\/2020\/01\/IMG-20190601-WA0021-kopie-300x225.jpg\" alt=\"\" width=\"300\" height=\"225\" srcset=\"https:\/\/dehoevens.nl\/wp-content\/uploads\/2020\/01\/IMG-20190601-WA0021-kopie-300x225.jpg 300w, https:\/\/dehoevens.nl\/wp-content\/uploads\/2020\/01\/IMG-20190601-WA0021-kopie-1024x768.jpg 1024w, https:\/\/dehoevens.nl\/wp-content\/uploads\/2020\/01\/IMG-20190601-WA0021-kopie-768x576.jpg 768w, https:\/\/dehoevens.nl\/wp-content\/uploads\/2020\/01\/IMG-20190601-WA0021-kopie-1536x1152.jpg 1536w, https:\/\/dehoevens.nl\/wp-content\/uploads\/2020\/01\/IMG-20190601-WA0021-kopie.jpg 1400w\" sizes=\"auto, (max-width: 300px) 100vw, 300px\" \/>Nat\u00fcrlicher Bade- und Angelteich<br \/>\n<\/strong>Lust auf einen erfrischenden Sprung ins Wasser? Versteckt am Waldrand, ganz in der N\u00e4he des Naturcampingplatzes, liegt ein nat\u00fcrlicher Bade- und Angelteich mit Strandbereich und Wasserpumpe. Hier k\u00f6nnen Kinder unter Aufsicht der Eltern nach Herzenslust mit Sand und Wasser matschen.<\/p>\n<p>Auf der Liegewiese l\u00e4sst es sich herrlich sonnenbaden, oder du machst ein Nickerchen im Schatten der alten Eichen. Im vorderen Bereich des Teichs darf gebadet werden, w\u00e4hrend der hintere Bereich den Anglern vorbehalten ist. Die Wasserqualit\u00e4t wird regelm\u00e4\u00dfig \u00fcberpr\u00fcft.<\/p>\n<p><strong>Lagerfeuerplatz<br \/>\n<\/strong>Zum Camping geh\u00f6rt nat\u00fcrlich ein Lagerfeuer. Auf De Hoevens wird regelm\u00e4\u00dfig ein Feuer auf dem Lagerfeuerplatz in der Mitte des Hauptfeldes entfacht. Die Kinder sorgen selbstverst\u00e4ndlich f\u00fcr das Holz, das in den umliegenden W\u00e4ldern gesammelt wird.<br \/>\nWer m\u00f6chte, kann ein Lied singen oder auf einem selbst mitgebrachten Instrument musizieren.<br \/>\nUm 22:00 Uhr kehrt wieder Ruhe ein.<img loading=\"lazy\" decoding=\"async\" class=\"alignright wp-image-3637 size-medium\" src=\"https:\/\/dehoevens.nl\/wp-content\/uploads\/2019\/11\/ro2017-06-03_00033-300x200.jpg\" alt=\"\" width=\"300\" height=\"200\" srcset=\"https:\/\/dehoevens.nl\/wp-content\/uploads\/2019\/11\/ro2017-06-03_00033-300x200.jpg 300w, https:\/\/dehoevens.nl\/wp-content\/uploads\/2019\/11\/ro2017-06-03_00033-1024x683.jpg 1024w, https:\/\/dehoevens.nl\/wp-content\/uploads\/2019\/11\/ro2017-06-03_00033-768x512.jpg 768w, https:\/\/dehoevens.nl\/wp-content\/uploads\/2019\/11\/ro2017-06-03_00033-1536x1024.jpg 1536w, https:\/\/dehoevens.nl\/wp-content\/uploads\/2019\/11\/ro2017-06-03_00033-2048x1365.jpg 2048w, https:\/\/dehoevens.nl\/wp-content\/uploads\/2019\/11\/ro2017-06-03_00033-scaled.jpg 1400w\" sizes=\"auto, (max-width: 300px) 100vw, 300px\" \/><\/p>\n<p><strong>Wandern<\/strong><br \/>\nDie wundersch\u00f6ne Natur und die <strong>paradiesische Ruhe<\/strong> auf dem Landgut laden zu ausgiebigen Spazierg\u00e4ngen ein. Es gibt ein <strong>umfassendes Netz an Wanderwegen<\/strong>, das dich nicht nur \u00fcber das Landgut, sondern auch in die <strong>umliegenden Naturschutzgebiete<\/strong> f\u00fchrt. <a href=\"https:\/\/chatgpt.com\/#\">Hier findest du Inspiration<\/a>.<br \/>\nM\u00f6chtest du deine Route selbst planen? Das geht \u00fcber <a href=\"https:\/\/www.routesinbrabant.nl\" target=\"_blank\" rel=\"noopener\">RoutesinBrabant.nl.<\/a><\/p>\n<p><strong>Radfahren<\/strong><br \/>\nIn der Umgebung von De Hoevens l\u00e4sst es sich wunderbar Rad fahren. Ganz unbemerkt \u00fcberquerst du manchmal sogar die Grenze nach Belgien, denn Belgien liegt ganz in der N\u00e4he! Der bekannte Fahrradweg \u201e\u2019t Bels Lijntje\u201c, der von Tilburg \u00fcber das Enklavendorf Baarle-Nassau-Hertog nach Turnhout (B) f\u00fchrt, ist nur 2 Minuten mit dem Fahrrad entfernt. Auch die einzigartige FietsAllee durch die Alphense und Chaamse W\u00e4lder liegt ganz in der N\u00e4he.<\/p>\n<p><strong>St\u00e4dte &amp; Freizeitparks<\/strong><br \/>\nDas Landgut De Hoevens liegt nur 25 Autominuten von St\u00e4dten wie Breda, Tilburg und Turnhout entfernt. Dort kannst du einkaufen, Museen besuchen oder ein Caf\u00e9 auf der Terrasse genie\u00dfen. Auch der Freizeitpark \u201eDe Efteling\u201c sowie der Safari- und Freizeitpark \u201eDe Beekse Bergen\u201c sind ganz in der N\u00e4he.<br \/>\nF\u00fcr weitere Ausflugstipps in der Umgebung sieh hier nach:<br \/>\n<a href=\"https:\/\/grenslanddebaronie.nl\/\" target=\"_blank\" rel=\"noopener\">www.grenslanddebaronie.nl<\/a><br \/>\n<a href=\"http:\/\/www.vvvtilburg.nl\">www.vvvtilburg.nl<\/a><br \/>\n<a href=\"http:\/\/www.toerismebaarle.com\" target=\"_blank\" rel=\"noopener\">www.toerismebaarle.com<\/a><br \/>\n<a href=\"http:\/\/www.visitbrabant.nl\" target=\"_blank\" rel=\"noopener\">www.visitbrabant.nl<\/a><\/p>\n","protected":false},"excerpt":{"rendered":"<p>Mit der Natur als Spielplatz gibt es auf und rund um De Hoevens jede Menge zu erleben. Wir haben die spannendsten M\u00f6glichkeiten f\u00fcr dich zusammengestellt. Sport &amp; Spiel Kinder f\u00fchlen sich auf De Hoevens rundum wohl. Neben dem Bauen von H\u00fctten und dem Sammeln von Holz f\u00fcr das Lagerfeuer k\u00f6nnen sie im Spielwald nach Herzenslust &hellip; <\/p>\n<p class=\"link-more\"><a href=\"https:\/\/dehoevens.nl\/de\/naturcamping\/freizeit\/\" class=\"more-link\"><span class=\"screen-reader-text\">&#8222;Freizeit&#8220;<\/span> weiterlesen<\/a><\/p>\n","protected":false},"author":1,"featured_media":0,"parent":11935,"menu_order":0,"comment_status":"closed","ping_status":"closed","template":"page-templates\/greencolor.php","meta":{"_acf_changed":false,"footnotes":""},"class_list":["post-11989","page","type-page","status-publish","hentry"],"acf":[],"_links":{"self":[{"href":"https:\/\/dehoevens.nl\/de\/wp-json\/wp\/v2\/pages\/11989","targetHints":{"allow":["GET"]}}],"collection":[{"href":"https:\/\/dehoevens.nl\/de\/wp-json\/wp\/v2\/pages"}],"about":[{"href":"https:\/\/dehoevens.nl\/de\/wp-json\/wp\/v2\/types\/page"}],"author":[{"embeddable":true,"href":"https:\/\/dehoevens.nl\/de\/wp-json\/wp\/v2\/users\/1"}],"replies":[{"embeddable":true,"href":"https:\/\/dehoevens.nl\/de\/wp-json\/wp\/v2\/comments?post=11989"}],"version-history":[{"count":4,"href":"https:\/\/dehoevens.nl\/de\/wp-json\/wp\/v2\/pages\/11989\/revisions"}],"predecessor-version":[{"id":12307,"href":"https:\/\/dehoevens.nl\/de\/wp-json\/wp\/v2\/pages\/11989\/revisions\/12307"}],"up":[{"embeddable":true,"href":"https:\/\/dehoevens.nl\/de\/wp-json\/wp\/v2\/pages\/11935"}],"wp:attachment":[{"href":"https:\/\/dehoevens.nl\/de\/wp-json\/wp\/v2\/media?parent=11989"}],"curies":[{"name":"wp","href":"https:\/\/api.w.org\/{rel}","templated":true}]}}