{"id":11975,"date":"2019-12-12T14:58:36","date_gmt":"2019-12-12T12:58:36","guid":{"rendered":"https:\/\/dehoevens.nl\/voorzieningen\/"},"modified":"2025-12-03T15:18:32","modified_gmt":"2025-12-03T13:18:32","slug":"ausstattung","status":"publish","type":"page","link":"https:\/\/dehoevens.nl\/de\/ausstattung\/","title":{"rendered":"Ausstattung"},"content":{"rendered":"<p><strong><img loading=\"lazy\" decoding=\"async\" class=\"alignright wp-image-3641 size-medium\" src=\"https:\/\/dehoevens.nl\/wp-content\/uploads\/2019\/11\/assendelft201906-004-300x200.jpg\" alt=\"\" width=\"300\" height=\"200\" srcset=\"https:\/\/dehoevens.nl\/wp-content\/uploads\/2019\/11\/assendelft201906-004-300x200.jpg 300w, https:\/\/dehoevens.nl\/wp-content\/uploads\/2019\/11\/assendelft201906-004-1024x683.jpg 1024w, https:\/\/dehoevens.nl\/wp-content\/uploads\/2019\/11\/assendelft201906-004-768x512.jpg 768w, https:\/\/dehoevens.nl\/wp-content\/uploads\/2019\/11\/assendelft201906-004-1536x1024.jpg 1536w, https:\/\/dehoevens.nl\/wp-content\/uploads\/2019\/11\/assendelft201906-004-2048x1365.jpg 2048w, https:\/\/dehoevens.nl\/wp-content\/uploads\/2019\/11\/assendelft201906-004-scaled.jpg 1400w\" sizes=\"auto, (max-width: 300px) 100vw, 300px\" \/><\/strong><\/p>\n<p><strong>Sanit\u00e4ranlagen<\/strong><br \/>\nAuf dem Gel\u00e4nde befinden sich 2 Sanit\u00e4rgeb\u00e4ude mit folgenden Einrichtungen:<\/p>\n<ul>\n<li>Duschen mit warmem Wasser<\/li>\n<li>Familienbadzimmer (auch f\u00fcr MiVa geeignet)<\/li>\n<li>Babypflegebereich<\/li>\n<li>Waschbecken (kaltes und warmes Wasser)<\/li>\n<li>Sp\u00fclplatz f\u00fcr Geschirr und Handw\u00e4sche<\/li>\n<li>Entsorgungsstelle f\u00fcr Chemietoiletten<\/li>\n<\/ul>\n<p>Au\u00dferdem gibt es einen Camper-Servicebereich mit Abwasserablass und einem Wasseranschluss mit Schlauch zum Auff\u00fcllen des Trinkwassertanks.<\/p>\n<p><strong>Au\u00dfenk\u00fcche &amp; K\u00fchlschrank<\/strong><br \/>\nKeine Lust, auf einem kleinen Gaskocher zu kochen? Nutze unsere gem\u00fctliche offene K\u00fcche mit Arbeitsfl\u00e4che, Gasherd und Picknicktisch. Au\u00dferdem stehen verschiedene K\u00fchlschr\u00e4nke und ein Gefrierschrank zur Verf\u00fcgung, um deine Eink\u00e4ufe frisch zu halten.<\/p>\n<p><strong><img loading=\"lazy\" decoding=\"async\" class=\"alignright size-medium wp-image-3477\" src=\"https:\/\/dehoevens.nl\/wp-content\/uploads\/2020\/01\/image00050-300x200.jpeg\" alt=\"\" width=\"300\" height=\"200\" srcset=\"https:\/\/dehoevens.nl\/wp-content\/uploads\/2020\/01\/image00050-300x200.jpeg 300w, https:\/\/dehoevens.nl\/wp-content\/uploads\/2020\/01\/image00050-1024x682.jpeg 1024w, https:\/\/dehoevens.nl\/wp-content\/uploads\/2020\/01\/image00050-768x512.jpeg 768w, https:\/\/dehoevens.nl\/wp-content\/uploads\/2020\/01\/image00050-1536x1024.jpeg 1536w, https:\/\/dehoevens.nl\/wp-content\/uploads\/2020\/01\/image00050-2048x1365.jpeg 2048w, https:\/\/dehoevens.nl\/wp-content\/uploads\/2020\/01\/image00050-scaled.jpeg 1400w\" sizes=\"auto, (max-width: 300px) 100vw, 300px\" \/><\/strong><\/p>\n<p><strong>\u00dcberdachter Freizeitbereich &amp; Lounge-Ecke<\/strong><br \/>\nIn den Niederlanden kann es auch mal regnen. Dann ist es sch\u00f6n, sich in unserem \u00fcberdachten Freizeitbereich zur\u00fcckzuziehen, um ein Spiel zu spielen oder ein gutes Buch zu lesen. Dort findest du auch eine gro\u00dfe Auswahl an touristischem Informationsmaterial und Wanderkarten.<\/p>\n<p>Herzlich willkommen ist auch unsere Lounge-Ecke: ein gem\u00fctlicher Ort, um ein Buch zu genie\u00dfen und ein Getr\u00e4nk zu trinken, mit Blick auf das Hauptfeld und den Sandkasten.<\/p>\n<p><strong>Strom &amp; WLAN<\/strong><br \/>\nAlle Stellpl\u00e4tze auf dem Naturcampingplatz verf\u00fcgen \u00fcber einen Stromanschluss (max. 10 Ampere). Au\u00dferdem k\u00f6nnen unsere G\u00e4ste kostenloses WLAN nutzen.<\/p>\n<p><strong>Waschmaschine &amp; Trockner<\/strong><br \/>\nWer drau\u00dfen spielt, wird schmutzig. An einem daf\u00fcr vorgesehenen Platz kannst du Handw\u00e4sche erledigen. Au\u00dferdem gibt es eine Waschmaschine mit Trockner, bei der wir gegen Geb\u00fchr deine W\u00e4sche f\u00fcr dich waschen.<\/p>\n<p>&nbsp;<\/p>\n","protected":false},"excerpt":{"rendered":"<p>Sanit\u00e4ranlagen Auf dem Gel\u00e4nde befinden sich 2 Sanit\u00e4rgeb\u00e4ude mit folgenden Einrichtungen: Duschen mit warmem Wasser Familienbadzimmer (auch f\u00fcr MiVa geeignet) Babypflegebereich Waschbecken (kaltes und warmes Wasser) Sp\u00fclplatz f\u00fcr Geschirr und Handw\u00e4sche Entsorgungsstelle f\u00fcr Chemietoiletten Au\u00dferdem gibt es einen Camper-Servicebereich mit Abwasserablass und einem Wasseranschluss mit Schlauch zum Auff\u00fcllen des Trinkwassertanks. Au\u00dfenk\u00fcche &amp; K\u00fchlschrank Keine Lust, &hellip; <\/p>\n<p class=\"link-more\"><a href=\"https:\/\/dehoevens.nl\/de\/ausstattung\/\" class=\"more-link\"><span class=\"screen-reader-text\">&#8222;Ausstattung&#8220;<\/span> weiterlesen<\/a><\/p>\n","protected":false},"author":1,"featured_media":0,"parent":0,"menu_order":0,"comment_status":"closed","ping_status":"closed","template":"page-templates\/greencolor.php","meta":{"_acf_changed":false,"footnotes":""},"class_list":["post-11975","page","type-page","status-publish","hentry"],"acf":[],"_links":{"self":[{"href":"https:\/\/dehoevens.nl\/de\/wp-json\/wp\/v2\/pages\/11975","targetHints":{"allow":["GET"]}}],"collection":[{"href":"https:\/\/dehoevens.nl\/de\/wp-json\/wp\/v2\/pages"}],"about":[{"href":"https:\/\/dehoevens.nl\/de\/wp-json\/wp\/v2\/types\/page"}],"author":[{"embeddable":true,"href":"https:\/\/dehoevens.nl\/de\/wp-json\/wp\/v2\/users\/1"}],"replies":[{"embeddable":true,"href":"https:\/\/dehoevens.nl\/de\/wp-json\/wp\/v2\/comments?post=11975"}],"version-history":[{"count":4,"href":"https:\/\/dehoevens.nl\/de\/wp-json\/wp\/v2\/pages\/11975\/revisions"}],"predecessor-version":[{"id":12306,"href":"https:\/\/dehoevens.nl\/de\/wp-json\/wp\/v2\/pages\/11975\/revisions\/12306"}],"wp:attachment":[{"href":"https:\/\/dehoevens.nl\/de\/wp-json\/wp\/v2\/media?parent=11975"}],"curies":[{"name":"wp","href":"https:\/\/api.w.org\/{rel}","templated":true}]}}