{"id":11969,"date":"2017-04-19T07:17:54","date_gmt":"2017-04-19T05:17:54","guid":{"rendered":"https:\/\/dehoevens.nl\/natuurkampeerterrein\/faciliteiten\/"},"modified":"2025-12-03T15:18:05","modified_gmt":"2025-12-03T13:18:05","slug":"uebernachten","status":"publish","type":"page","link":"https:\/\/dehoevens.nl\/de\/naturcamping\/uebernachten\/","title":{"rendered":"\u00dcbernachten"},"content":{"rendered":"<p>Auf De Hoevens hast du die Wahl zwischen verschiedenen Stellplatztypen. Klicke hier, um den\u00a0<a href=\"https:\/\/dehoevens.nl\/wp-content\/uploads\/2020\/01\/Schermafbeelding-2020-01-14-om-20.31.03.png\" target=\"_blank\" rel=\"noopener\">Lageplan des Naturcampingplatzes<\/a> anzusehen.<\/p>\n<p><strong><img loading=\"lazy\" decoding=\"async\" class=\"alignright wp-image-742 size-medium\" src=\"https:\/\/dehoevens.nl\/wp-content\/uploads\/2017\/04\/ro2017-05-26_00018-300x200.jpg\" alt=\"\" width=\"300\" height=\"200\" \/><\/strong><\/p>\n<p><strong>Stellplatz Basis<\/strong><br \/>\nEin gro\u00dfz\u00fcgiger Stellplatz von 120 m\u00b2, geeignet f\u00fcr Wohnwagen, (kleine) Wohnmobile und Zelte. Dieser Stellplatz verf\u00fcgt \u00fcber einen eigenen Stromanschluss. Er liegt auf einer offenen Wiese, umgeben von B\u00e4umen oder am Waldrand mit Blick auf eine abgeschlossene Weide.<\/p>\n<p><strong>Stellplatz Komfort<\/strong><br \/>\nEin gro\u00dfz\u00fcgiger Stellplatz von 150 m\u00b2, geeignet f\u00fcr Zelte. Dieser Stellplatz verf\u00fcgt \u00fcber einen eigenen Stromanschluss, einen Wasseranschluss und einen Picknicktisch. Er liegt am Waldrand mit einem wundersch\u00f6nen Blick auf die umliegenden Wiesen und den Badeteich.<\/p>\n<p><strong>Stellplatz Kleine Zelte<\/strong><br \/>\nEin gem\u00fctlicher Stellplatz von 85 m\u00b2 f\u00fcr \u201eechte\u201c Zelt-Camper mit einem kleinen Zelt (bis max. 14 m\u00b2). Dieser Stellplatz verf\u00fcgt \u00fcber einen eigenen Stromanschluss. Er liegt auf einem Zeltplatz mit wundersch\u00f6nem Blick auf die umliegenden Felder und W\u00e4lder.<\/p>\n<p><strong><img loading=\"lazy\" decoding=\"async\" class=\"wp-image-4198 size-medium alignright\" src=\"https:\/\/dehoevens.nl\/wp-content\/uploads\/2019\/11\/EBF_6580-300x200.jpg\" alt=\"\" width=\"300\" height=\"200\" srcset=\"https:\/\/dehoevens.nl\/wp-content\/uploads\/2019\/11\/EBF_6580-300x200.jpg 300w, https:\/\/dehoevens.nl\/wp-content\/uploads\/2019\/11\/EBF_6580-1024x682.jpg 1024w, https:\/\/dehoevens.nl\/wp-content\/uploads\/2019\/11\/EBF_6580-768x511.jpg 768w, https:\/\/dehoevens.nl\/wp-content\/uploads\/2019\/11\/EBF_6580-1536x1022.jpg 1536w, https:\/\/dehoevens.nl\/wp-content\/uploads\/2019\/11\/EBF_6580-2048x1363.jpg 2048w, https:\/\/dehoevens.nl\/wp-content\/uploads\/2019\/11\/EBF_6580-scaled.jpg 1400w\" sizes=\"auto, (max-width: 300px) 100vw, 300px\" \/><\/strong><\/p>\n<p><strong>Trekkerplatz<\/strong><br \/>\nKommst du zu Fu\u00df oder mit dem Fahrrad und bleibst maximal 2 N\u00e4chte, musst du nicht unbedingt reservieren. Wir haben immer einen Platz f\u00fcr dich frei. Bei hoher Auslastung kann es sein, dass dein Zelt etwas weiter von den Einrichtungen entfernt steht.<\/p>\n<p><strong>Haustiere willkommen<\/strong><br \/>\nAuf unserem Naturcampingplatz sind maximal 2 Haustiere pro Stellplatz erlaubt, sofern sie angeleint sind und keine Bel\u00e4stigung f\u00fcr andere G\u00e4ste darstellen.<\/p>\n","protected":false},"excerpt":{"rendered":"<p>Auf De Hoevens hast du die Wahl zwischen verschiedenen Stellplatztypen. Klicke hier, um den\u00a0Lageplan des Naturcampingplatzes anzusehen. Stellplatz Basis Ein gro\u00dfz\u00fcgiger Stellplatz von 120 m\u00b2, geeignet f\u00fcr Wohnwagen, (kleine) Wohnmobile und Zelte. Dieser Stellplatz verf\u00fcgt \u00fcber einen eigenen Stromanschluss. Er liegt auf einer offenen Wiese, umgeben von B\u00e4umen oder am Waldrand mit Blick auf eine &hellip; <\/p>\n<p class=\"link-more\"><a href=\"https:\/\/dehoevens.nl\/de\/naturcamping\/uebernachten\/\" class=\"more-link\"><span class=\"screen-reader-text\">&#8222;\u00dcbernachten&#8220;<\/span> weiterlesen<\/a><\/p>\n","protected":false},"author":1,"featured_media":0,"parent":11935,"menu_order":0,"comment_status":"closed","ping_status":"closed","template":"page-templates\/greencolor.php","meta":{"_acf_changed":false,"footnotes":""},"class_list":["post-11969","page","type-page","status-publish","hentry"],"acf":[],"_links":{"self":[{"href":"https:\/\/dehoevens.nl\/de\/wp-json\/wp\/v2\/pages\/11969","targetHints":{"allow":["GET"]}}],"collection":[{"href":"https:\/\/dehoevens.nl\/de\/wp-json\/wp\/v2\/pages"}],"about":[{"href":"https:\/\/dehoevens.nl\/de\/wp-json\/wp\/v2\/types\/page"}],"author":[{"embeddable":true,"href":"https:\/\/dehoevens.nl\/de\/wp-json\/wp\/v2\/users\/1"}],"replies":[{"embeddable":true,"href":"https:\/\/dehoevens.nl\/de\/wp-json\/wp\/v2\/comments?post=11969"}],"version-history":[{"count":7,"href":"https:\/\/dehoevens.nl\/de\/wp-json\/wp\/v2\/pages\/11969\/revisions"}],"predecessor-version":[{"id":12305,"href":"https:\/\/dehoevens.nl\/de\/wp-json\/wp\/v2\/pages\/11969\/revisions\/12305"}],"up":[{"embeddable":true,"href":"https:\/\/dehoevens.nl\/de\/wp-json\/wp\/v2\/pages\/11935"}],"wp:attachment":[{"href":"https:\/\/dehoevens.nl\/de\/wp-json\/wp\/v2\/media?parent=11969"}],"curies":[{"name":"wp","href":"https:\/\/api.w.org\/{rel}","templated":true}]}}