{"id":11965,"date":"2024-10-01T13:12:40","date_gmt":"2024-10-01T11:12:40","guid":{"rendered":"https:\/\/dehoevens.nl\/ons-natuurkampeerterrein\/"},"modified":"2025-12-03T15:17:44","modified_gmt":"2025-12-03T13:17:44","slug":"ueber-uns","status":"publish","type":"page","link":"https:\/\/dehoevens.nl\/de\/ueber-uns\/","title":{"rendered":"\u00dcber uns"},"content":{"rendered":"<p>Auf der Suche nach einem besonderen Camping-Erlebnis in einem der sch\u00f6nsten Naturschutzgebiete Brabants? Versteckt in den W\u00e4ldern des jahrhundertealten Landguts De Hoevens liegt ein rustikaler, autofreier <strong>Naturcamping mit 50 gro\u00dfz\u00fcgigen Stellpl\u00e4tzen<\/strong>. Ein wunderbarer Ort, an dem die Natur selbst der Spielplatz f\u00fcr Jung und Alt ist.<\/p>\n<p><img loading=\"lazy\" decoding=\"async\" class=\"alignnone wp-image-3481 size-large\" src=\"https:\/\/dehoevens.nl\/wp-content\/uploads\/2020\/01\/DSC_0321-1024x681.jpg\" alt=\"\" width=\"525\" height=\"349\" srcset=\"https:\/\/dehoevens.nl\/wp-content\/uploads\/2020\/01\/DSC_0321-1024x681.jpg 1024w, https:\/\/dehoevens.nl\/wp-content\/uploads\/2020\/01\/DSC_0321-300x199.jpg 300w, https:\/\/dehoevens.nl\/wp-content\/uploads\/2020\/01\/DSC_0321-768x511.jpg 768w, https:\/\/dehoevens.nl\/wp-content\/uploads\/2020\/01\/DSC_0321-1536x1021.jpg 1536w, https:\/\/dehoevens.nl\/wp-content\/uploads\/2020\/01\/DSC_0321-2048x1362.jpg 2048w, https:\/\/dehoevens.nl\/wp-content\/uploads\/2020\/01\/DSC_0321-scaled.jpg 1400w\" sizes=\"auto, (max-width: 525px) 100vw, 525px\" \/><br \/>\nW\u00e4hrend die Eltern ein gutes Buch genie\u00dfen, toben die Kinder im Spielwald \u2013 oder sie sammeln Holz f\u00fcr das Lagerfeuer. Bei sch\u00f6nem Wetter kann nach Herzenslust in unserem nat\u00fcrlichen Bade- und Angelteich mit Sandstrand und Liegewiese geplanscht werden. Lust auf einen Tag im Freizeitpark? <strong data-start=\"288\" data-end=\"303\">De Efteling<\/strong>, <strong data-start=\"305\" data-end=\"322\">Beekse Bergen<\/strong> und <strong data-start=\"327\" data-end=\"344\">Bobbejaanland<\/strong> liegen ganz in der N\u00e4he.<\/p>\n<p><img loading=\"lazy\" decoding=\"async\" class=\"alignnone wp-image-2918 size-large\" src=\"https:\/\/dehoevens.nl\/wp-content\/uploads\/2019\/06\/IMG-20190601-WA0023-1024x768.jpg\" alt=\"\" width=\"525\" height=\"394\" srcset=\"https:\/\/dehoevens.nl\/wp-content\/uploads\/2019\/06\/IMG-20190601-WA0023-1024x768.jpg 1024w, https:\/\/dehoevens.nl\/wp-content\/uploads\/2019\/06\/IMG-20190601-WA0023-300x225.jpg 300w, https:\/\/dehoevens.nl\/wp-content\/uploads\/2019\/06\/IMG-20190601-WA0023-768x576.jpg 768w, https:\/\/dehoevens.nl\/wp-content\/uploads\/2019\/06\/IMG-20190601-WA0023-1600x1200.jpg 1600w, https:\/\/dehoevens.nl\/wp-content\/uploads\/2019\/06\/IMG-20190601-WA0023.jpg 1400w\" sizes=\"auto, (max-width: 525px) 100vw, 525px\" \/><br \/>\nWanderer kommen hier voll auf ihre Kosten. <strong data-start=\"43\" data-end=\"57\">De Hoevens<\/strong> ist Teil eines zusammenh\u00e4ngenden Naturgebiets (8.000 ha) mit einem weitl\u00e4ufigen Netz an Wanderwegen. Auch Radfahrer kommen nicht zu kurz: Dank des <strong data-start=\"205\" data-end=\"234\">Fahrradknotenpunktsystems<\/strong> kann man seine Route selbst durch die Grenzregion planen und so bequem in St\u00e4dte wie <strong data-start=\"320\" data-end=\"329\">Breda<\/strong>, <strong data-start=\"331\" data-end=\"342\">Tilburg<\/strong> und <strong data-start=\"347\" data-end=\"359\">Turnhout<\/strong> radeln.<br data-start=\"367\" data-end=\"370\" \/>Der Naturcampingplatz ist vom <strong data-start=\"400\" data-end=\"437\">1. April bis zum 31. Oktober 2026<\/strong>\u00a0ge\u00f6ffnet.<\/p>\n<p data-start=\"0\" data-end=\"42\"><strong>F\u00fcr wen ist unser Campingplatz geeignet?<\/strong><\/p>\n<ul data-start=\"43\" data-end=\"228\" data-is-last-node=\"\" data-is-only-node=\"\">\n<li data-start=\"43\" data-end=\"121\">\n<p data-start=\"45\" data-end=\"121\">F\u00fcr Familien mit Kindern bis 12 Jahre, die das Leben in der Natur genie\u00dfen<\/p>\n<\/li>\n<li data-start=\"122\" data-end=\"199\">\n<p data-start=\"124\" data-end=\"199\">F\u00fcr Ruhesuchende (besonders an Wochentagen und au\u00dferhalb der Schulferien)<\/p>\n<\/li>\n<li data-start=\"200\" data-end=\"228\" data-is-last-node=\"\">\n<p data-start=\"202\" data-end=\"228\" data-is-last-node=\"\">F\u00fcr Wanderer und Radfahrer<\/p>\n<\/li>\n<\/ul>\n<p><img loading=\"lazy\" decoding=\"async\" class=\"alignright size-thumbnail wp-image-8458\" src=\"https:\/\/dehoevens.nl\/wp-content\/uploads\/2023\/10\/natuur-camping-150x150.jpg\" alt=\"\" width=\"150\" height=\"150\" srcset=\"https:\/\/dehoevens.nl\/wp-content\/uploads\/2023\/10\/natuur-camping-150x150.jpg 150w, https:\/\/dehoevens.nl\/wp-content\/uploads\/2023\/10\/natuur-camping-300x300.jpg 300w, https:\/\/dehoevens.nl\/wp-content\/uploads\/2023\/10\/natuur-camping-200x200.jpg 200w, https:\/\/dehoevens.nl\/wp-content\/uploads\/2023\/10\/natuur-camping-100x100.jpg 100w, https:\/\/dehoevens.nl\/wp-content\/uploads\/2023\/10\/natuur-camping.jpg 750w\" sizes=\"auto, (max-width: 150px) 100vw, 150px\" \/><\/p>\n<article class=\"text-token-text-primary w-full focus:outline-none [--shadow-height:45px] has-data-writing-block:pointer-events-none has-data-writing-block:-mt-(--shadow-height) has-data-writing-block:pt-(--shadow-height) [&amp;:has([data-writing-block])&gt;*]:pointer-events-auto [content-visibility:auto] supports-[content-visibility:auto]:[contain-intrinsic-size:auto_100lvh] scroll-mt-[calc(var(--header-height)+min(200px,max(70px,20svh)))]\" dir=\"auto\" tabindex=\"-1\" data-turn-id=\"request-WEB:3299fc0b-eb5d-441f-a2d4-e7253472fd19-5\" data-testid=\"conversation-turn-12\" data-scroll-anchor=\"false\" data-turn=\"assistant\">\n<div class=\"text-base my-auto mx-auto [--thread-content-margin:--spacing(4)] thread-sm:[--thread-content-margin:--spacing(6)] thread-lg:[--thread-content-margin:--spacing(16)] px-(--thread-content-margin)\">\n<div class=\"[--thread-content-max-width:40rem] thread-lg:[--thread-content-max-width:48rem] mx-auto max-w-(--thread-content-max-width) flex-1 group\/turn-messages focus-visible:outline-hidden relative flex w-full min-w-0 flex-col agent-turn\" tabindex=\"-1\">\n<div class=\"flex max-w-full flex-col grow\">\n<div class=\"min-h-8 text-message relative flex w-full flex-col items-end gap-2 text-start break-words whitespace-normal [.text-message+&amp;]:mt-1\" dir=\"auto\" data-message-author-role=\"assistant\" data-message-id=\"1ee6aae3-a2e0-4dbd-bff5-327c5508b3ff\" data-message-model-slug=\"gpt-5\">\n<div class=\"flex w-full flex-col gap-1 empty:hidden first:pt-[1px]\">\n<div class=\"markdown prose dark:prose-invert w-full break-words light markdown-new-styling\">\n<p data-start=\"0\" data-end=\"216\"><strong>Gruppen mit mehr als 15 Personen und Familien, die nach Animation suchen, sollten sich besser nach einem anderen Campingplatz umsehen. Das gilt auch f\u00fcr Gesellschaften, die einen Campingplatz f\u00fcr eine Feier suchen.<\/strong><\/p>\n<p data-start=\"218\" data-end=\"468\" data-is-last-node=\"\" data-is-only-node=\"\"><strong>De Hoevens ist ein anerkannter Naturcampingplatz<\/strong>.<br data-start=\"275\" data-end=\"278\" \/>Naturcampingpl\u00e4tze liegen in den sch\u00f6nsten Landschaften, fernab vom Trubel. Camping mitten in der Natur \u2013 das ist Camping auf einem Naturcampingplatz. M\u00f6chtest du mehr erfahren? Klicke <a href=\"https:\/\/www.natuurkampeerterreinen.nl\/\" target=\"_blank\" rel=\"noopener\">hier<\/a><\/p>\n<\/div>\n<\/div>\n<\/div>\n<\/div>\n<\/div>\n<\/div>\n<\/article>\n<p>&nbsp;<\/p>\n<div style=\"background-color: #ffcc72; color: #000; padding: 20px;\">\n<p data-start=\"0\" data-end=\"364\">Wenn du auf <strong data-start=\"12\" data-end=\"26\">De Hoevens<\/strong> \u00fcbernachtest, genie\u00dft du die Weite und Ruhe, die unser Landgut so besonders machen. Das bedeutet jedoch nicht, dass es immer vollkommen still ist. Wir befinden uns schlie\u00dflich in einem landwirtschaftlich genutzten Gebiet, in dem die Bauern ihrer Arbeit nachgehen. Gelegentlich wird im Umland auch einmal eine Veranstaltung organisiert.<\/p>\n<p><strong><a href=\"https:\/\/grenslanddebaronie.nl\/evenementen\/\" target=\"_blank\" rel=\"noopener\">hier<\/a> findest du eine \u00dcbersicht der Veranstaltungen.<\/strong><\/p>\n<\/div>\n<p>&nbsp;<\/p>\n<p>&nbsp;<\/p>\n","protected":false},"excerpt":{"rendered":"<p>Auf der Suche nach einem besonderen Camping-Erlebnis in einem der sch\u00f6nsten Naturschutzgebiete Brabants? Versteckt in den W\u00e4ldern des jahrhundertealten Landguts De Hoevens liegt ein rustikaler, autofreier Naturcamping mit 50 gro\u00dfz\u00fcgigen Stellpl\u00e4tzen. Ein wunderbarer Ort, an dem die Natur selbst der Spielplatz f\u00fcr Jung und Alt ist. W\u00e4hrend die Eltern ein gutes Buch genie\u00dfen, toben die &hellip; <\/p>\n<p class=\"link-more\"><a href=\"https:\/\/dehoevens.nl\/de\/ueber-uns\/\" class=\"more-link\"><span class=\"screen-reader-text\">&#8222;\u00dcber uns&#8220;<\/span> weiterlesen<\/a><\/p>\n","protected":false},"author":1,"featured_media":0,"parent":0,"menu_order":0,"comment_status":"closed","ping_status":"closed","template":"page-templates\/greencolor.php","meta":{"_acf_changed":false,"footnotes":""},"class_list":["post-11965","page","type-page","status-publish","hentry"],"acf":[],"_links":{"self":[{"href":"https:\/\/dehoevens.nl\/de\/wp-json\/wp\/v2\/pages\/11965","targetHints":{"allow":["GET"]}}],"collection":[{"href":"https:\/\/dehoevens.nl\/de\/wp-json\/wp\/v2\/pages"}],"about":[{"href":"https:\/\/dehoevens.nl\/de\/wp-json\/wp\/v2\/types\/page"}],"author":[{"embeddable":true,"href":"https:\/\/dehoevens.nl\/de\/wp-json\/wp\/v2\/users\/1"}],"replies":[{"embeddable":true,"href":"https:\/\/dehoevens.nl\/de\/wp-json\/wp\/v2\/comments?post=11965"}],"version-history":[{"count":5,"href":"https:\/\/dehoevens.nl\/de\/wp-json\/wp\/v2\/pages\/11965\/revisions"}],"predecessor-version":[{"id":12304,"href":"https:\/\/dehoevens.nl\/de\/wp-json\/wp\/v2\/pages\/11965\/revisions\/12304"}],"wp:attachment":[{"href":"https:\/\/dehoevens.nl\/de\/wp-json\/wp\/v2\/media?parent=11965"}],"curies":[{"name":"wp","href":"https:\/\/api.w.org\/{rel}","templated":true}]}}