{"id":11930,"date":"2017-05-09T13:17:42","date_gmt":"2017-05-09T11:17:42","guid":{"rendered":"https:\/\/dehoevens.nl\/bb-t-bakhuis\/activiteiten\/"},"modified":"2025-12-03T15:12:06","modified_gmt":"2025-12-03T13:12:06","slug":"freizeit","status":"publish","type":"page","link":"https:\/\/dehoevens.nl\/de\/bb-t-bakhuis\/freizeit\/","title":{"rendered":"Freizeit"},"content":{"rendered":"<p>Mit der Natur als Spielplatz gibt es auf und rund um De Hoevens jede Menge zu erleben. Wir haben die spannendsten M\u00f6glichkeiten f\u00fcr dich zusammengestellt.<\/p>\n<div class=\"col-md-12 col-sm-12\">\n<p><strong><img loading=\"lazy\" decoding=\"async\" class=\"alignright wp-image-3456 size-medium\" src=\"https:\/\/dehoevens.nl\/wp-content\/uploads\/2020\/01\/IMG-20190601-WA0021-kopie-300x225.jpg\" sizes=\"auto, (max-width: 300px) 100vw, 300px\" srcset=\"https:\/\/dehoevens.nl\/wp-content\/uploads\/2020\/01\/IMG-20190601-WA0021-kopie-300x225.jpg 300w, https:\/\/dehoevens.nl\/wp-content\/uploads\/2020\/01\/IMG-20190601-WA0021-kopie-1024x768.jpg 1024w, https:\/\/dehoevens.nl\/wp-content\/uploads\/2020\/01\/IMG-20190601-WA0021-kopie-768x576.jpg 768w, https:\/\/dehoevens.nl\/wp-content\/uploads\/2020\/01\/IMG-20190601-WA0021-kopie-1536x1152.jpg 1536w, https:\/\/dehoevens.nl\/wp-content\/uploads\/2020\/01\/IMG-20190601-WA0021-kopie.jpg 1400w\" alt=\"\" width=\"300\" height=\"225\" \/>Nat\u00fcrlicher Bade- und Angelteich<br \/>\n<\/strong>Lust auf einen erfrischenden Sprung ins Wasser? Versteckt am Waldrand, ganz in der N\u00e4he des Naturcampingplatzes, liegt ein nat\u00fcrlicher Bade- und Angelteich mit Strandbereich und Wasserpumpe. Hier k\u00f6nnen Kinder unter Aufsicht der Eltern nach Herzenslust mit Sand und Wasser matschen.<\/p>\n<p>Auf der Liegewiese l\u00e4sst es sich herrlich sonnenbaden, oder du machst ein Nickerchen im Schatten der alten Eichen. Im vorderen Bereich des Teichs darf gebadet werden, w\u00e4hrend der hintere Bereich den Anglern vorbehalten ist. Die Wasserqualit\u00e4t wird regelm\u00e4\u00dfig \u00fcberpr\u00fcft.<\/p>\n<p><strong>Wandern<\/strong><br \/>\nDie wundersch\u00f6ne Natur und die\u00a0<strong>paradiesische Ruhe<\/strong>\u00a0auf dem Landgut laden zu ausgiebigen Spazierg\u00e4ngen ein. Es gibt ein\u00a0<strong>umfassendes Netz an Wanderwegen<\/strong>, das dich nicht nur \u00fcber das Landgut, sondern auch in die\u00a0<strong>umliegenden Naturschutzgebiete<\/strong>\u00a0f\u00fchrt.\u00a0<a href=\"https:\/\/chatgpt.com\/#\">Hier findest du Inspiration<\/a>.<br \/>\nM\u00f6chtest du deine Route selbst planen? Das geht \u00fcber\u00a0<a href=\"https:\/\/www.routesinbrabant.nl\/\" target=\"_blank\" rel=\"noopener\">RoutesinBrabant.nl.<\/a><\/p>\n<p><strong><img loading=\"lazy\" decoding=\"async\" class=\"alignright wp-image-11931 size-medium\" src=\"https:\/\/dehoevens.nl\/wp-content\/uploads\/2020\/01\/170605_RouteBureauBrabant_LR_047_1010-300x200.jpg\" alt=\"\" width=\"300\" height=\"200\" srcset=\"https:\/\/dehoevens.nl\/wp-content\/uploads\/2020\/01\/170605_RouteBureauBrabant_LR_047_1010-300x200.jpg 300w, https:\/\/dehoevens.nl\/wp-content\/uploads\/2020\/01\/170605_RouteBureauBrabant_LR_047_1010-1024x683.jpg 1024w, https:\/\/dehoevens.nl\/wp-content\/uploads\/2020\/01\/170605_RouteBureauBrabant_LR_047_1010-768x512.jpg 768w, https:\/\/dehoevens.nl\/wp-content\/uploads\/2020\/01\/170605_RouteBureauBrabant_LR_047_1010-1536x1024.jpg 1536w, https:\/\/dehoevens.nl\/wp-content\/uploads\/2020\/01\/170605_RouteBureauBrabant_LR_047_1010.jpg 1400w\" sizes=\"auto, (max-width: 300px) 100vw, 300px\" \/>Radfahren<\/strong><br \/>\nIn der Umgebung von De Hoevens l\u00e4sst es sich wunderbar Rad fahren. Ganz unbemerkt \u00fcberquerst du manchmal sogar die Grenze nach Belgien, denn Belgien liegt ganz in der N\u00e4he! Der bekannte Fahrradweg \u201e\u2019t Bels Lijntje\u201c, der von Tilburg \u00fcber das Enklavendorf Baarle-Nassau-Hertog nach Turnhout (B) f\u00fchrt, ist nur 2 Minuten mit dem Fahrrad entfernt. Auch die einzigartige FietsAllee durch die Alphense und Chaamse W\u00e4lder liegt ganz in der N\u00e4he.<\/p>\n<p><strong>St\u00e4dte &amp; Freizeitparks<\/strong><br \/>\nDas Landgut De Hoevens liegt nur 25 Autominuten von St\u00e4dten wie Breda, Tilburg und Turnhout entfernt. Dort kannst du einkaufen, Museen besuchen oder ein Caf\u00e9 auf der Terrasse genie\u00dfen. Auch der Freizeitpark \u201eDe Efteling\u201c sowie der Safari- und Freizeitpark \u201eDe Beekse Bergen\u201c sind ganz in der N\u00e4he.<br \/>\nF\u00fcr weitere Ausflugstipps in der Umgebung sieh hier nach:<br \/>\n<a href=\"https:\/\/grenslanddebaronie.nl\/\" target=\"_blank\" rel=\"noopener\">www.grenslanddebaronie.nl<\/a><br \/>\n<a href=\"http:\/\/www.vvvtilburg.nl\/\">www.vvvtilburg.nl<\/a><br \/>\n<a href=\"http:\/\/www.toerismebaarle.com\/\" target=\"_blank\" rel=\"noopener\">www.toerismebaarle.com<\/a><br \/>\n<a href=\"http:\/\/www.visitbrabant.nl\/\" target=\"_blank\" rel=\"noopener\">www.visitbrabant.nl<\/a><\/p>\n<\/div>\n<div class=\"img-blcok\"><\/div>\n<p><strong>\u00a0<\/strong><\/p>\n<p>&nbsp;<\/p>\n","protected":false},"excerpt":{"rendered":"<p>Mit der Natur als Spielplatz gibt es auf und rund um De Hoevens jede Menge zu erleben. Wir haben die spannendsten M\u00f6glichkeiten f\u00fcr dich zusammengestellt. Nat\u00fcrlicher Bade- und Angelteich Lust auf einen erfrischenden Sprung ins Wasser? Versteckt am Waldrand, ganz in der N\u00e4he des Naturcampingplatzes, liegt ein nat\u00fcrlicher Bade- und Angelteich mit Strandbereich und Wasserpumpe. &hellip; <\/p>\n<p class=\"link-more\"><a href=\"https:\/\/dehoevens.nl\/de\/bb-t-bakhuis\/freizeit\/\" class=\"more-link\"><span class=\"screen-reader-text\">&#8222;Freizeit&#8220;<\/span> weiterlesen<\/a><\/p>\n","protected":false},"author":1,"featured_media":0,"parent":11928,"menu_order":0,"comment_status":"closed","ping_status":"closed","template":"page-templates\/greencolor.php","meta":{"_acf_changed":false,"footnotes":""},"class_list":["post-11930","page","type-page","status-publish","hentry"],"acf":[],"_links":{"self":[{"href":"https:\/\/dehoevens.nl\/de\/wp-json\/wp\/v2\/pages\/11930","targetHints":{"allow":["GET"]}}],"collection":[{"href":"https:\/\/dehoevens.nl\/de\/wp-json\/wp\/v2\/pages"}],"about":[{"href":"https:\/\/dehoevens.nl\/de\/wp-json\/wp\/v2\/types\/page"}],"author":[{"embeddable":true,"href":"https:\/\/dehoevens.nl\/de\/wp-json\/wp\/v2\/users\/1"}],"replies":[{"embeddable":true,"href":"https:\/\/dehoevens.nl\/de\/wp-json\/wp\/v2\/comments?post=11930"}],"version-history":[{"count":6,"href":"https:\/\/dehoevens.nl\/de\/wp-json\/wp\/v2\/pages\/11930\/revisions"}],"predecessor-version":[{"id":12292,"href":"https:\/\/dehoevens.nl\/de\/wp-json\/wp\/v2\/pages\/11930\/revisions\/12292"}],"up":[{"embeddable":true,"href":"https:\/\/dehoevens.nl\/de\/wp-json\/wp\/v2\/pages\/11928"}],"wp:attachment":[{"href":"https:\/\/dehoevens.nl\/de\/wp-json\/wp\/v2\/media?parent=11930"}],"curies":[{"name":"wp","href":"https:\/\/api.w.org\/{rel}","templated":true}]}}