{"id":11928,"date":"2017-04-18T07:19:35","date_gmt":"2017-04-18T05:19:35","guid":{"rendered":"https:\/\/dehoevens.nl\/bb-t-bakhuis\/"},"modified":"2025-12-03T15:12:55","modified_gmt":"2025-12-03T13:12:55","slug":"bb-t-bakhuis","status":"publish","type":"page","link":"https:\/\/dehoevens.nl\/de\/bb-t-bakhuis\/","title":{"rendered":"B&#038;B \u2018t Bakhuis"},"content":{"rendered":"<p><img loading=\"lazy\" decoding=\"async\" class=\"alignright wp-image-768 size-medium\" src=\"https:\/\/dehoevens.nl\/wp-content\/uploads\/2017\/04\/0217-De-Hoevens-2016-300x200.jpg\" alt=\"\" width=\"300\" height=\"200\" \/><\/p>\n<p>Romantisch \u00fcbernachten in Ihrem eigenen authentischen Ferienh\u00e4uschen, mitten in der Natur. Oder ein gem\u00fctliches Wochenende mit einem guten Freund oder einer Freundin. Das ist m\u00f6glich im \u2018t Bakhuis \u2013 einem einzigartigen B&amp;B, eingebettet in die gr\u00fcne Umgebung und die Ruhe eines jahrhundertealten Landguts.<\/p>\n<p>Nach einer erholsamen Nacht werden Sie vom Zwitschern der V\u00f6gel geweckt. Das Fr\u00fchst\u00fcck k\u00f6nnen Sie in der gem\u00fctlichen Essecke mit Holzofen genie\u00dfen. Bei sch\u00f6nem Wetter auch auf der Terrasse im Obstgarten. Wir stellen gerne einen reich gef\u00fcllten Fr\u00fchst\u00fcckskorb bereit, aber Sie k\u00f6nnen Ihr Fr\u00fchst\u00fcck auch selbst zubereiten.<\/p>\n","protected":false},"excerpt":{"rendered":"<p>Romantisch \u00fcbernachten in Ihrem eigenen authentischen Ferienh\u00e4uschen, mitten in der Natur. Oder ein gem\u00fctliches Wochenende mit einem guten Freund oder einer Freundin. Das ist m\u00f6glich im \u2018t Bakhuis \u2013 einem einzigartigen B&amp;B, eingebettet in die gr\u00fcne Umgebung und die Ruhe eines jahrhundertealten Landguts. Nach einer erholsamen Nacht werden Sie vom Zwitschern der V\u00f6gel geweckt. Das &hellip; <\/p>\n<p class=\"link-more\"><a href=\"https:\/\/dehoevens.nl\/de\/bb-t-bakhuis\/\" class=\"more-link\"><span class=\"screen-reader-text\">&#8222;B&#038;B \u2018t Bakhuis&#8220;<\/span> weiterlesen<\/a><\/p>\n","protected":false},"author":1,"featured_media":0,"parent":0,"menu_order":0,"comment_status":"closed","ping_status":"closed","template":"page-templates\/greencolor.php","meta":{"_acf_changed":false,"footnotes":""},"class_list":["post-11928","page","type-page","status-publish","hentry"],"acf":[],"_links":{"self":[{"href":"https:\/\/dehoevens.nl\/de\/wp-json\/wp\/v2\/pages\/11928","targetHints":{"allow":["GET"]}}],"collection":[{"href":"https:\/\/dehoevens.nl\/de\/wp-json\/wp\/v2\/pages"}],"about":[{"href":"https:\/\/dehoevens.nl\/de\/wp-json\/wp\/v2\/types\/page"}],"author":[{"embeddable":true,"href":"https:\/\/dehoevens.nl\/de\/wp-json\/wp\/v2\/users\/1"}],"replies":[{"embeddable":true,"href":"https:\/\/dehoevens.nl\/de\/wp-json\/wp\/v2\/comments?post=11928"}],"version-history":[{"count":3,"href":"https:\/\/dehoevens.nl\/de\/wp-json\/wp\/v2\/pages\/11928\/revisions"}],"predecessor-version":[{"id":12293,"href":"https:\/\/dehoevens.nl\/de\/wp-json\/wp\/v2\/pages\/11928\/revisions\/12293"}],"wp:attachment":[{"href":"https:\/\/dehoevens.nl\/de\/wp-json\/wp\/v2\/media?parent=11928"}],"curies":[{"name":"wp","href":"https:\/\/api.w.org\/{rel}","templated":true}]}}